{"id":282,"date":"2020-04-13T18:47:47","date_gmt":"2020-04-13T21:47:47","guid":{"rendered":"https:\/\/textiltrenquelauquen.com\/?page_id=282"},"modified":"2025-05-14T21:32:30","modified_gmt":"2025-05-15T00:32:30","slug":"contacto-2","status":"publish","type":"page","link":"https:\/\/textiltrenquelauquen.com\/?page_id=282","title":{"rendered":"Contacto"},"content":{"rendered":"\t\t<div data-elementor-type=\"wp-page\" data-elementor-id=\"282\" class=\"elementor elementor-282\">\n\t\t\t\t\t\t<section class=\"elementor-section elementor-top-section elementor-element elementor-element-aa8653d elementor-section-full_width elementor-section-height-default elementor-section-height-default\" data-id=\"aa8653d\" data-element_type=\"section\" data-settings=\"{&quot;background_background&quot;:&quot;classic&quot;}\">\n\t\t\t\t\t\t\t<div class=\"elementor-background-overlay\"><\/div>\n\t\t\t\t\t\t\t<div class=\"elementor-container elementor-column-gap-default\">\n\t\t\t\t\t<div class=\"elementor-column elementor-col-100 elementor-top-column elementor-element elementor-element-f4a88ec animated-fast elementor-invisible\" data-id=\"f4a88ec\" data-element_type=\"column\" data-settings=\"{&quot;animation&quot;:&quot;fadeIn&quot;}\">\n\t\t\t<div class=\"elementor-widget-wrap elementor-element-populated\">\n\t\t\t\t\t\t<div class=\"elementor-element elementor-element-d7128f1 elementor-widget elementor-widget-heading\" data-id=\"d7128f1\" data-element_type=\"widget\" data-widget_type=\"heading.default\">\n\t\t\t\t<div class=\"elementor-widget-container\">\n\t\t\t\t\t<h2 class=\"elementor-heading-title elementor-size-xxl\">CONTACTO<\/h2>\t\t\t\t<\/div>\n\t\t\t\t<\/div>\n\t\t\t\t<div class=\"elementor-element elementor-element-8c5b2d5 animated-fast elementor-widget-divider--view-line elementor-invisible elementor-widget elementor-widget-divider\" data-id=\"8c5b2d5\" data-element_type=\"widget\" data-settings=\"{&quot;_animation&quot;:&quot;fadeIn&quot;,&quot;_animation_delay&quot;:0}\" data-widget_type=\"divider.default\">\n\t\t\t\t<div class=\"elementor-widget-container\">\n\t\t\t\t\t\t\t<div class=\"elementor-divider\">\n\t\t\t<span class=\"elementor-divider-separator\">\n\t\t\t\t\t\t<\/span>\n\t\t<\/div>\n\t\t\t\t\t\t<\/div>\n\t\t\t\t<\/div>\n\t\t\t\t\t<\/div>\n\t\t<\/div>\n\t\t\t\t\t<\/div>\n\t\t<\/section>\n\t\t\t\t<section class=\"elementor-section elementor-top-section elementor-element elementor-element-a6e8be5 elementor-section-full_width elementor-section-height-default elementor-section-height-default\" data-id=\"a6e8be5\" data-element_type=\"section\">\n\t\t\t\t\t\t<div class=\"elementor-container elementor-column-gap-default\">\n\t\t\t\t\t<div class=\"elementor-column elementor-col-33 elementor-top-column elementor-element elementor-element-f09cbaa\" data-id=\"f09cbaa\" data-element_type=\"column\">\n\t\t\t<div class=\"elementor-widget-wrap elementor-element-populated\">\n\t\t\t\t\t\t<div class=\"elementor-element elementor-element-b45bc5c elementor-view-default elementor-mobile-position-top elementor-widget elementor-widget-icon-box\" data-id=\"b45bc5c\" data-element_type=\"widget\" data-widget_type=\"icon-box.default\">\n\t\t\t\t<div class=\"elementor-widget-container\">\n\t\t\t\t\t\t\t<div class=\"elementor-icon-box-wrapper\">\n\n\t\t\t\t\t\t<div class=\"elementor-icon-box-icon\">\n\t\t\t\t<span  class=\"elementor-icon\">\n\t\t\t\t<i aria-hidden=\"true\" class=\"fas fa-phone-alt\"><\/i>\t\t\t\t<\/span>\n\t\t\t<\/div>\n\t\t\t\n\t\t\t\t\t\t<div class=\"elementor-icon-box-content\">\n\n\t\t\t\t\t\t\t\t\t<h3 class=\"elementor-icon-box-title\">\n\t\t\t\t\t\t<span  >\n\t\t\t\t\t\t\tTel\u00e9fono\t\t\t\t\t\t<\/span>\n\t\t\t\t\t<\/h3>\n\t\t\t\t\n\t\t\t\t\t\t\t\t\t<p class=\"elementor-icon-box-description\">\n\t\t\t\t\t\t+54 2392 52-2488\u200b\t\t\t\t\t<\/p>\n\t\t\t\t\n\t\t\t<\/div>\n\t\t\t\n\t\t<\/div>\n\t\t\t\t\t\t<\/div>\n\t\t\t\t<\/div>\n\t\t\t\t\t<\/div>\n\t\t<\/div>\n\t\t\t\t<div class=\"elementor-column elementor-col-33 elementor-top-column elementor-element elementor-element-defe493\" data-id=\"defe493\" data-element_type=\"column\">\n\t\t\t<div class=\"elementor-widget-wrap elementor-element-populated\">\n\t\t\t\t\t\t<div class=\"elementor-element elementor-element-8f322bc elementor-view-default elementor-mobile-position-top elementor-widget elementor-widget-icon-box\" data-id=\"8f322bc\" data-element_type=\"widget\" data-widget_type=\"icon-box.default\">\n\t\t\t\t<div class=\"elementor-widget-container\">\n\t\t\t\t\t\t\t<div class=\"elementor-icon-box-wrapper\">\n\n\t\t\t\t\t\t<div class=\"elementor-icon-box-icon\">\n\t\t\t\t<span  class=\"elementor-icon\">\n\t\t\t\t<i aria-hidden=\"true\" class=\"fas fa-map-marker-alt\"><\/i>\t\t\t\t<\/span>\n\t\t\t<\/div>\n\t\t\t\n\t\t\t\t\t\t<div class=\"elementor-icon-box-content\">\n\n\t\t\t\t\t\t\t\t\t<h3 class=\"elementor-icon-box-title\">\n\t\t\t\t\t\t<span  >\n\t\t\t\t\t\t\tUbicaci\u00f3n\t\t\t\t\t\t<\/span>\n\t\t\t\t\t<\/h3>\n\t\t\t\t\n\t\t\t\t\t\t\t\t\t<p class=\"elementor-icon-box-description\">\n\t\t\t\t\t\tAmeghino 148  - CP 6400 - Trenque Lauquen\t\t\t\t\t<\/p>\n\t\t\t\t\n\t\t\t<\/div>\n\t\t\t\n\t\t<\/div>\n\t\t\t\t\t\t<\/div>\n\t\t\t\t<\/div>\n\t\t\t\t\t<\/div>\n\t\t<\/div>\n\t\t\t\t<div class=\"elementor-column elementor-col-33 elementor-top-column elementor-element elementor-element-81d407a\" data-id=\"81d407a\" data-element_type=\"column\">\n\t\t\t<div class=\"elementor-widget-wrap elementor-element-populated\">\n\t\t\t\t\t\t<div class=\"elementor-element elementor-element-054c3a1 elementor-view-default elementor-mobile-position-top elementor-widget elementor-widget-icon-box\" data-id=\"054c3a1\" data-element_type=\"widget\" data-widget_type=\"icon-box.default\">\n\t\t\t\t<div class=\"elementor-widget-container\">\n\t\t\t\t\t\t\t<div class=\"elementor-icon-box-wrapper\">\n\n\t\t\t\t\t\t<div class=\"elementor-icon-box-icon\">\n\t\t\t\t<span  class=\"elementor-icon\">\n\t\t\t\t<i aria-hidden=\"true\" class=\"far fa-envelope\"><\/i>\t\t\t\t<\/span>\n\t\t\t<\/div>\n\t\t\t\n\t\t\t\t\t\t<div class=\"elementor-icon-box-content\">\n\n\t\t\t\t\t\t\t\t\t<h3 class=\"elementor-icon-box-title\">\n\t\t\t\t\t\t<span  >\n\t\t\t\t\t\t\tCorreo\t\t\t\t\t\t<\/span>\n\t\t\t\t\t<\/h3>\n\t\t\t\t\n\t\t\t\t\t\t\t\t\t<p class=\"elementor-icon-box-description\">\n\t\t\t\t\t\tinfo@textiltrenquelauquen.com\t\t\t\t\t<\/p>\n\t\t\t\t\n\t\t\t<\/div>\n\t\t\t\n\t\t<\/div>\n\t\t\t\t\t\t<\/div>\n\t\t\t\t<\/div>\n\t\t\t\t\t<\/div>\n\t\t<\/div>\n\t\t\t\t\t<\/div>\n\t\t<\/section>\n\t\t\t\t<section class=\"elementor-section elementor-top-section elementor-element elementor-element-c6866d6 elementor-section-content-middle elementor-section-full_width elementor-section-height-default elementor-section-height-default\" data-id=\"c6866d6\" data-element_type=\"section\">\n\t\t\t\t\t\t<div class=\"elementor-container elementor-column-gap-no\">\n\t\t\t\t\t<div class=\"elementor-column elementor-col-50 elementor-top-column elementor-element elementor-element-230fd97\" data-id=\"230fd97\" data-element_type=\"column\">\n\t\t\t<div class=\"elementor-widget-wrap elementor-element-populated\">\n\t\t\t\t\t\t<div class=\"elementor-element elementor-element-be960cb elementor-widget elementor-widget-heading\" data-id=\"be960cb\" data-element_type=\"widget\" data-widget_type=\"heading.default\">\n\t\t\t\t<div class=\"elementor-widget-container\">\n\t\t\t\t\t<h4 class=\"elementor-heading-title elementor-size-default\">Escribinos por WhatsApp<\/h4>\t\t\t\t<\/div>\n\t\t\t\t<\/div>\n\t\t\t\t<div class=\"elementor-element elementor-element-3fef4f4 elementor-widget elementor-widget-heading\" data-id=\"3fef4f4\" data-element_type=\"widget\" data-widget_type=\"heading.default\">\n\t\t\t\t<div class=\"elementor-widget-container\">\n\t\t\t\t\t<h4 class=\"elementor-heading-title elementor-size-default\">+54 2392 52-2488<\/h4>\t\t\t\t<\/div>\n\t\t\t\t<\/div>\n\t\t\t\t\t<\/div>\n\t\t<\/div>\n\t\t\t\t<div class=\"elementor-column elementor-col-50 elementor-top-column elementor-element elementor-element-e58a64c\" data-id=\"e58a64c\" data-element_type=\"column\">\n\t\t\t<div class=\"elementor-widget-wrap elementor-element-populated\">\n\t\t\t\t\t\t<div class=\"elementor-element elementor-element-fa57984 elementor-widget elementor-widget-google_maps\" data-id=\"fa57984\" data-element_type=\"widget\" data-widget_type=\"google_maps.default\">\n\t\t\t\t<div class=\"elementor-widget-container\">\n\t\t\t\t\t\t\t<div class=\"elementor-custom-embed\">\n\t\t\t<iframe loading=\"lazy\"\n\t\t\t\t\tsrc=\"https:\/\/maps.google.com\/maps?q=Ameghino%20148%20-%20Trenque%20Lauquen&#038;t=m&#038;z=15&#038;output=embed&#038;iwloc=near\"\n\t\t\t\t\ttitle=\"Ameghino 148 - Trenque Lauquen\"\n\t\t\t\t\taria-label=\"Ameghino 148 - Trenque Lauquen\"\n\t\t\t><\/iframe>\n\t\t<\/div>\n\t\t\t\t\t\t<\/div>\n\t\t\t\t<\/div>\n\t\t\t\t\t<\/div>\n\t\t<\/div>\n\t\t\t\t\t<\/div>\n\t\t<\/section>\n\t\t\t\t<\/div>\n\t\t","protected":false},"excerpt":{"rendered":"<p>CONTACTO Tel\u00e9fono +54 2392 52-2488\u200b Ubicaci\u00f3n Ameghino 148 &#8211; CP 6400 &#8211; Trenque Lauquen Correo info@textiltrenquelauquen.com Escribinos por WhatsApp +54 2392 52-2488<\/p>\n","protected":false},"author":1,"featured_media":0,"parent":0,"menu_order":0,"comment_status":"closed","ping_status":"closed","template":"","meta":{"site-sidebar-layout":"no-sidebar","site-content-layout":"page-builder","ast-site-content-layout":"","site-content-style":"default","site-sidebar-style":"default","ast-global-header-display":"","ast-banner-title-visibility":"","ast-main-header-display":"","ast-hfb-above-header-display":"","ast-hfb-below-header-display":"","ast-hfb-mobile-header-display":"","site-post-title":"disabled","ast-breadcrumbs-content":"","ast-featured-img":"disabled","footer-sml-layout":"","theme-transparent-header-meta":"default","adv-header-id-meta":"","stick-header-meta":"","header-above-stick-meta":"","header-main-stick-meta":"","header-below-stick-meta":"","astra-migrate-meta-layouts":"default","ast-page-background-enabled":"default","ast-page-background-meta":{"desktop":{"background-color":"","background-image":"","background-repeat":"repeat","background-position":"center center","background-size":"auto","background-attachment":"scroll","background-type":"","background-media":"","overlay-type":"","overlay-color":"","overlay-opacity":"","overlay-gradient":""},"tablet":{"background-color":"","background-image":"","background-repeat":"repeat","background-position":"center center","background-size":"auto","background-attachment":"scroll","background-type":"","background-media":"","overlay-type":"","overlay-color":"","overlay-opacity":"","overlay-gradient":""},"mobile":{"background-color":"","background-image":"","background-repeat":"repeat","background-position":"center center","background-size":"auto","background-attachment":"scroll","background-type":"","background-media":"","overlay-type":"","overlay-color":"","overlay-opacity":"","overlay-gradient":""}},"ast-content-background-meta":{"desktop":{"background-color":"var(--ast-global-color-5)","background-image":"","background-repeat":"repeat","background-position":"center center","background-size":"auto","background-attachment":"scroll","background-type":"","background-media":"","overlay-type":"","overlay-color":"","overlay-opacity":"","overlay-gradient":""},"tablet":{"background-color":"var(--ast-global-color-5)","background-image":"","background-repeat":"repeat","background-position":"center center","background-size":"auto","background-attachment":"scroll","background-type":"","background-media":"","overlay-type":"","overlay-color":"","overlay-opacity":"","overlay-gradient":""},"mobile":{"background-color":"var(--ast-global-color-5)","background-image":"","background-repeat":"repeat","background-position":"center center","background-size":"auto","background-attachment":"scroll","background-type":"","background-media":"","overlay-type":"","overlay-color":"","overlay-opacity":"","overlay-gradient":""}},"_joinchat":[],"footnotes":""},"class_list":["post-282","page","type-page","status-publish","hentry"],"yoast_head":"<!-- This site is optimized with the Yoast SEO plugin v25.0 - https:\/\/yoast.com\/wordpress\/plugins\/seo\/ -->\n<title>Textil Trenque Lauquen<\/title>\n<meta name=\"description\" content=\"Pampero Quimil\u00ed es una empresa comercial nacida en la ciudad de Quimil\u00ed, Pica. de Santiago del Estero, Rep\u00fablica Argentina.Su fin principal es la venta al por mayor y menor de indumentaria, calzado y equipamiento de seguridad para la industria, el comercio y entidades en general, tanto publico como privados.\" \/>\n<meta name=\"robots\" content=\"index, follow, max-snippet:-1, max-image-preview:large, max-video-preview:-1\" \/>\n<link rel=\"canonical\" href=\"https:\/\/textiltrenquelauquen.com\/?page_id=282\" \/>\n<meta property=\"og:locale\" content=\"es_ES\" \/>\n<meta property=\"og:type\" content=\"article\" \/>\n<meta property=\"og:title\" content=\"Textil Trenque Lauquen\" \/>\n<meta property=\"og:description\" content=\"Pampero Quimil\u00ed es una empresa comercial nacida en la ciudad de Quimil\u00ed, Pica. de Santiago del Estero, Rep\u00fablica Argentina.Su fin principal es la venta al por mayor y menor de indumentaria, calzado y equipamiento de seguridad para la industria, el comercio y entidades en general, tanto publico como privados.\" \/>\n<meta property=\"og:url\" content=\"https:\/\/textiltrenquelauquen.com\/?page_id=282\" \/>\n<meta property=\"og:site_name\" content=\"Textil Trenque Lauquen\" \/>\n<meta property=\"article:publisher\" content=\"https:\/\/www.facebook.com\/pampero.rufino\" \/>\n<meta property=\"article:modified_time\" content=\"2025-05-15T00:32:30+00:00\" \/>\n<meta name=\"twitter:card\" content=\"summary_large_image\" \/>\n<meta name=\"twitter:label1\" content=\"Tiempo de lectura\" \/>\n\t<meta name=\"twitter:data1\" content=\"1 minuto\" \/>\n<script type=\"application\/ld+json\" class=\"yoast-schema-graph\">{\"@context\":\"https:\/\/schema.org\",\"@graph\":[{\"@type\":\"WebPage\",\"@id\":\"https:\/\/textiltrenquelauquen.com\/?page_id=282\",\"url\":\"https:\/\/textiltrenquelauquen.com\/?page_id=282\",\"name\":\"Textil Trenque Lauquen\",\"isPartOf\":{\"@id\":\"https:\/\/textiltrenquelauquen.com\/#website\"},\"datePublished\":\"2020-04-13T21:47:47+00:00\",\"dateModified\":\"2025-05-15T00:32:30+00:00\",\"description\":\"Pampero Quimil\u00ed es una empresa comercial nacida en la ciudad de Quimil\u00ed, Pica. de Santiago del Estero, Rep\u00fablica Argentina.Su fin principal es la venta al por mayor y menor de indumentaria, calzado y equipamiento de seguridad para la industria, el comercio y entidades en general, tanto publico como privados.\",\"breadcrumb\":{\"@id\":\"https:\/\/textiltrenquelauquen.com\/?page_id=282#breadcrumb\"},\"inLanguage\":\"es-AR\",\"potentialAction\":[{\"@type\":\"ReadAction\",\"target\":[\"https:\/\/textiltrenquelauquen.com\/?page_id=282\"]}]},{\"@type\":\"BreadcrumbList\",\"@id\":\"https:\/\/textiltrenquelauquen.com\/?page_id=282#breadcrumb\",\"itemListElement\":[{\"@type\":\"ListItem\",\"position\":1,\"name\":\"Inicio\",\"item\":\"https:\/\/textiltrenquelauquen.com\/\"},{\"@type\":\"ListItem\",\"position\":2,\"name\":\"Contacto\"}]},{\"@type\":\"WebSite\",\"@id\":\"https:\/\/textiltrenquelauquen.com\/#website\",\"url\":\"https:\/\/textiltrenquelauquen.com\/\",\"name\":\"Textil Trenque Lauquen\",\"description\":\"Textil Trenque Lauquen\",\"publisher\":{\"@id\":\"https:\/\/textiltrenquelauquen.com\/#organization\"},\"potentialAction\":[{\"@type\":\"SearchAction\",\"target\":{\"@type\":\"EntryPoint\",\"urlTemplate\":\"https:\/\/textiltrenquelauquen.com\/?s={search_term_string}\"},\"query-input\":{\"@type\":\"PropertyValueSpecification\",\"valueRequired\":true,\"valueName\":\"search_term_string\"}}],\"inLanguage\":\"es-AR\"},{\"@type\":\"Organization\",\"@id\":\"https:\/\/textiltrenquelauquen.com\/#organization\",\"name\":\"Pampero Quimil\u00ed\",\"url\":\"https:\/\/textiltrenquelauquen.com\/\",\"logo\":{\"@type\":\"ImageObject\",\"inLanguage\":\"es-AR\",\"@id\":\"https:\/\/textiltrenquelauquen.com\/#\/schema\/logo\/image\/\",\"url\":\"https:\/\/textiltrenquelauquen.com\/wp-content\/uploads\/2020\/04\/logomio-1.png\",\"contentUrl\":\"https:\/\/textiltrenquelauquen.com\/wp-content\/uploads\/2020\/04\/logomio-1.png\",\"width\":775,\"height\":250,\"caption\":\"Pampero Quimil\u00ed\"},\"image\":{\"@id\":\"https:\/\/textiltrenquelauquen.com\/#\/schema\/logo\/image\/\"},\"sameAs\":[\"https:\/\/www.facebook.com\/pampero.rufino\"]}]}<\/script>\n<!-- \/ Yoast SEO plugin. -->","yoast_head_json":{"title":"Textil Trenque Lauquen","description":"Pampero Quimil\u00ed es una empresa comercial nacida en la ciudad de Quimil\u00ed, Pica. de Santiago del Estero, Rep\u00fablica Argentina.Su fin principal es la venta al por mayor y menor de indumentaria, calzado y equipamiento de seguridad para la industria, el comercio y entidades en general, tanto publico como privados.","robots":{"index":"index","follow":"follow","max-snippet":"max-snippet:-1","max-image-preview":"max-image-preview:large","max-video-preview":"max-video-preview:-1"},"canonical":"https:\/\/textiltrenquelauquen.com\/?page_id=282","og_locale":"es_ES","og_type":"article","og_title":"Textil Trenque Lauquen","og_description":"Pampero Quimil\u00ed es una empresa comercial nacida en la ciudad de Quimil\u00ed, Pica. de Santiago del Estero, Rep\u00fablica Argentina.Su fin principal es la venta al por mayor y menor de indumentaria, calzado y equipamiento de seguridad para la industria, el comercio y entidades en general, tanto publico como privados.","og_url":"https:\/\/textiltrenquelauquen.com\/?page_id=282","og_site_name":"Textil Trenque Lauquen","article_publisher":"https:\/\/www.facebook.com\/pampero.rufino","article_modified_time":"2025-05-15T00:32:30+00:00","twitter_card":"summary_large_image","twitter_misc":{"Tiempo de lectura":"1 minuto"},"schema":{"@context":"https:\/\/schema.org","@graph":[{"@type":"WebPage","@id":"https:\/\/textiltrenquelauquen.com\/?page_id=282","url":"https:\/\/textiltrenquelauquen.com\/?page_id=282","name":"Textil Trenque Lauquen","isPartOf":{"@id":"https:\/\/textiltrenquelauquen.com\/#website"},"datePublished":"2020-04-13T21:47:47+00:00","dateModified":"2025-05-15T00:32:30+00:00","description":"Pampero Quimil\u00ed es una empresa comercial nacida en la ciudad de Quimil\u00ed, Pica. de Santiago del Estero, Rep\u00fablica Argentina.Su fin principal es la venta al por mayor y menor de indumentaria, calzado y equipamiento de seguridad para la industria, el comercio y entidades en general, tanto publico como privados.","breadcrumb":{"@id":"https:\/\/textiltrenquelauquen.com\/?page_id=282#breadcrumb"},"inLanguage":"es-AR","potentialAction":[{"@type":"ReadAction","target":["https:\/\/textiltrenquelauquen.com\/?page_id=282"]}]},{"@type":"BreadcrumbList","@id":"https:\/\/textiltrenquelauquen.com\/?page_id=282#breadcrumb","itemListElement":[{"@type":"ListItem","position":1,"name":"Inicio","item":"https:\/\/textiltrenquelauquen.com\/"},{"@type":"ListItem","position":2,"name":"Contacto"}]},{"@type":"WebSite","@id":"https:\/\/textiltrenquelauquen.com\/#website","url":"https:\/\/textiltrenquelauquen.com\/","name":"Textil Trenque Lauquen","description":"Textil Trenque Lauquen","publisher":{"@id":"https:\/\/textiltrenquelauquen.com\/#organization"},"potentialAction":[{"@type":"SearchAction","target":{"@type":"EntryPoint","urlTemplate":"https:\/\/textiltrenquelauquen.com\/?s={search_term_string}"},"query-input":{"@type":"PropertyValueSpecification","valueRequired":true,"valueName":"search_term_string"}}],"inLanguage":"es-AR"},{"@type":"Organization","@id":"https:\/\/textiltrenquelauquen.com\/#organization","name":"Pampero Quimil\u00ed","url":"https:\/\/textiltrenquelauquen.com\/","logo":{"@type":"ImageObject","inLanguage":"es-AR","@id":"https:\/\/textiltrenquelauquen.com\/#\/schema\/logo\/image\/","url":"https:\/\/textiltrenquelauquen.com\/wp-content\/uploads\/2020\/04\/logomio-1.png","contentUrl":"https:\/\/textiltrenquelauquen.com\/wp-content\/uploads\/2020\/04\/logomio-1.png","width":775,"height":250,"caption":"Pampero Quimil\u00ed"},"image":{"@id":"https:\/\/textiltrenquelauquen.com\/#\/schema\/logo\/image\/"},"sameAs":["https:\/\/www.facebook.com\/pampero.rufino"]}]}},"_links":{"self":[{"href":"https:\/\/textiltrenquelauquen.com\/index.php?rest_route=\/wp\/v2\/pages\/282","targetHints":{"allow":["GET"]}}],"collection":[{"href":"https:\/\/textiltrenquelauquen.com\/index.php?rest_route=\/wp\/v2\/pages"}],"about":[{"href":"https:\/\/textiltrenquelauquen.com\/index.php?rest_route=\/wp\/v2\/types\/page"}],"author":[{"embeddable":true,"href":"https:\/\/textiltrenquelauquen.com\/index.php?rest_route=\/wp\/v2\/users\/1"}],"replies":[{"embeddable":true,"href":"https:\/\/textiltrenquelauquen.com\/index.php?rest_route=%2Fwp%2Fv2%2Fcomments&post=282"}],"version-history":[{"count":0,"href":"https:\/\/textiltrenquelauquen.com\/index.php?rest_route=\/wp\/v2\/pages\/282\/revisions"}],"wp:attachment":[{"href":"https:\/\/textiltrenquelauquen.com\/index.php?rest_route=%2Fwp%2Fv2%2Fmedia&parent=282"}],"curies":[{"name":"wp","href":"https:\/\/api.w.org\/{rel}","templated":true}]}}