{"id":1539,"date":"2020-05-10T12:55:44","date_gmt":"2020-05-10T15:55:44","guid":{"rendered":"https:\/\/textiltrenquelauquen.com\/?post_type=product&#038;p=1539"},"modified":"2025-05-18T23:08:39","modified_gmt":"2025-05-19T02:08:39","slug":"matafuegos-espuma-quimica","status":"publish","type":"product","link":"https:\/\/textiltrenquelauquen.com\/?product=matafuegos-espuma-quimica","title":{"rendered":"Cinta de fijaci\u00f3n 10,5 cm x 9 m con gancho en L"},"content":{"rendered":"<p data-start=\"231\" data-end=\"630\">Esta cinta de fijaci\u00f3n de alta resistencia, con una anchura de 10,5 cm y una longitud de 9 metros, est\u00e1 dise\u00f1ada para asegurar cargas pesadas con total confianza. Su gancho en L facilita un anclaje firme y seguro, ideal para uso en transporte, log\u00edstica y almacenamiento. Soporta una fuerza de ruptura de hasta 12,000 kg, garantizando m\u00e1xima seguridad en la fijaci\u00f3n de cargas voluminosas y pesadas.<\/p>\n<p data-start=\"632\" data-end=\"871\">Para una mayor versatilidad, tambi\u00e9n ofrecemos una amplia gama de fijaciones con tensor (crique) y ganchos que permiten ajustar la tensi\u00f3n de la cinta para asegurar la carga con precisi\u00f3n. Entre los productos relacionados, puede encontrar:<\/p>\n<ul data-start=\"873\" data-end=\"1368\">\n<li data-start=\"873\" data-end=\"938\">\n<p data-start=\"875\" data-end=\"938\">Cinta fijaci\u00f3n 5 cm x 9 m (rompe a 4,500 kg) con gancho en L.<\/p>\n<\/li>\n<li data-start=\"939\" data-end=\"1028\">\n<p data-start=\"941\" data-end=\"1028\">Cinta fijaci\u00f3n 5 cm x 6 m con tensor (crique) y ganchos, con resistencia de 4,500 kg.<\/p>\n<\/li>\n<li data-start=\"1029\" data-end=\"1134\">\n<p data-start=\"1031\" data-end=\"1134\">Cinta fijaci\u00f3n 2,5 cm x 4 m con tensor (crique) y ganchos, para cargas m\u00e1s livianas (rompe a 800 kg).<\/p>\n<\/li>\n<li data-start=\"1135\" data-end=\"1224\">\n<p data-start=\"1137\" data-end=\"1224\">Cinta fijaci\u00f3n 5 cm x 12 m con tensor (crique) y ganchos, ideal para cargas medianas.<\/p>\n<\/li>\n<li data-start=\"1225\" data-end=\"1368\">\n<p data-start=\"1227\" data-end=\"1368\">Conjuntos completos de cinta con tensor (crique) y ganchos incorporados para facilitar el ajuste y asegurar la carga con la tensi\u00f3n adecuada.<\/p>\n<\/li>\n<\/ul>\n<p data-start=\"1370\" data-end=\"1617\">Si no encuentra la medida o resistencia que necesita, no dude en consultarnos. Contamos con una variedad de productos que pueden no figurar en el cat\u00e1logo y estaremos encantados de asesorarlo para encontrar la soluci\u00f3n perfecta para su aplicaci\u00f3n.<\/p>\n","protected":false},"excerpt":{"rendered":"<p>Esta cinta de fijaci\u00f3n de alta resistencia, con una anchura de 10,5 cm y una longitud de 9 metros, est\u00e1 dise\u00f1ada para asegurar cargas pesadas con total confianza. Su gancho en L facilita un anclaje firme y seguro, ideal para uso en transporte, log\u00edstica y almacenamiento. Soporta una fuerza de ruptura de hasta 12,000 kg, [&hellip;]<\/p>\n","protected":false},"featured_media":4275,"template":"","meta":{"site-sidebar-layout":"default","site-content-layout":"default","ast-site-content-layout":"default","site-content-style":"default","site-sidebar-style":"default","ast-global-header-display":"","ast-banner-title-visibility":"","ast-main-header-display":"","ast-hfb-above-header-display":"","ast-hfb-below-header-display":"","ast-hfb-mobile-header-display":"","site-post-title":"","ast-breadcrumbs-content":"","ast-featured-img":"","footer-sml-layout":"","theme-transparent-header-meta":"default","adv-header-id-meta":"","stick-header-meta":"","header-above-stick-meta":"","header-main-stick-meta":"","header-below-stick-meta":"","astra-migrate-meta-layouts":"set","ast-page-background-enabled":"default","ast-page-background-meta":{"desktop":{"background-color":"","background-image":"","background-repeat":"repeat","background-position":"center center","background-size":"auto","background-attachment":"scroll","background-type":"","background-media":"","overlay-type":"","overlay-color":"","overlay-opacity":"","overlay-gradient":""},"tablet":{"background-color":"","background-image":"","background-repeat":"repeat","background-position":"center center","background-size":"auto","background-attachment":"scroll","background-type":"","background-media":"","overlay-type":"","overlay-color":"","overlay-opacity":"","overlay-gradient":""},"mobile":{"background-color":"","background-image":"","background-repeat":"repeat","background-position":"center center","background-size":"auto","background-attachment":"scroll","background-type":"","background-media":"","overlay-type":"","overlay-color":"","overlay-opacity":"","overlay-gradient":""}},"ast-content-background-meta":{"desktop":{"background-color":"var(--ast-global-color-5)","background-image":"","background-repeat":"repeat","background-position":"center center","background-size":"auto","background-attachment":"scroll","background-type":"","background-media":"","overlay-type":"","overlay-color":"","overlay-opacity":"","overlay-gradient":""},"tablet":{"background-color":"var(--ast-global-color-5)","background-image":"","background-repeat":"repeat","background-position":"center center","background-size":"auto","background-attachment":"scroll","background-type":"","background-media":"","overlay-type":"","overlay-color":"","overlay-opacity":"","overlay-gradient":""},"mobile":{"background-color":"var(--ast-global-color-5)","background-image":"","background-repeat":"repeat","background-position":"center center","background-size":"auto","background-attachment":"scroll","background-type":"","background-media":"","overlay-type":"","overlay-color":"","overlay-opacity":"","overlay-gradient":""}},"_joinchat":[]},"product_brand":[],"product_cat":[199],"product_tag":[],"class_list":{"0":"post-1539","1":"product","2":"type-product","3":"status-publish","4":"has-post-thumbnail","6":"product_cat-fijaciones-con-tensor-crique-y-ganchos","7":"desktop-align-center","8":"tablet-align-center","9":"mobile-align-center","11":"first","12":"instock","13":"shipping-taxable","14":"product-type-simple"},"yoast_head":"<!-- This site is optimized with the Yoast SEO plugin v25.0 - https:\/\/yoast.com\/wordpress\/plugins\/seo\/ -->\n<title>Textil Trenque Lauquen<\/title>\n<meta name=\"description\" content=\"Pampero Quimil\u00ed es una empresa comercial nacida en la ciudad de Quimil\u00ed, Pcia. de Santiago del Estero, Rep\u00fablica Argentina.Su fin principal es la venta al por mayor y menor de indumentaria, calzado y equipamiento de seguridad para la industria, el comercio y entidades en general, tanto publico como privados.\" \/>\n<meta name=\"robots\" content=\"index, follow, max-snippet:-1, max-image-preview:large, max-video-preview:-1\" \/>\n<link rel=\"canonical\" href=\"https:\/\/textiltrenquelauquen.com\/?product=matafuegos-espuma-quimica\" \/>\n<meta property=\"og:locale\" content=\"es_ES\" \/>\n<meta property=\"og:type\" content=\"article\" \/>\n<meta property=\"og:title\" content=\"Textil Trenque Lauquen\" \/>\n<meta property=\"og:description\" content=\"Pampero Quimil\u00ed es una empresa comercial nacida en la ciudad de Quimil\u00ed, Pcia. de Santiago del Estero, Rep\u00fablica Argentina.Su fin principal es la venta al por mayor y menor de indumentaria, calzado y equipamiento de seguridad para la industria, el comercio y entidades en general, tanto publico como privados.\" \/>\n<meta property=\"og:url\" content=\"https:\/\/textiltrenquelauquen.com\/?product=matafuegos-espuma-quimica\" \/>\n<meta property=\"og:site_name\" content=\"Textil Trenque Lauquen\" \/>\n<meta property=\"article:publisher\" content=\"https:\/\/www.facebook.com\/pampero.rufino\" \/>\n<meta property=\"article:modified_time\" content=\"2025-05-19T02:08:39+00:00\" \/>\n<meta property=\"og:image\" content=\"https:\/\/textiltrenquelauquen.com\/wp-content\/uploads\/2020\/05\/IMG-20250505-WA0018.jpg\" \/>\n\t<meta property=\"og:image:width\" content=\"1280\" \/>\n\t<meta property=\"og:image:height\" content=\"1280\" \/>\n\t<meta property=\"og:image:type\" content=\"image\/jpeg\" \/>\n<meta name=\"twitter:card\" content=\"summary_large_image\" \/>\n<meta name=\"twitter:label1\" content=\"Tiempo de lectura\" \/>\n\t<meta name=\"twitter:data1\" content=\"2 minutos\" \/>\n<script type=\"application\/ld+json\" class=\"yoast-schema-graph\">{\"@context\":\"https:\/\/schema.org\",\"@graph\":[{\"@type\":\"WebPage\",\"@id\":\"https:\/\/textiltrenquelauquen.com\/?product=matafuegos-espuma-quimica\",\"url\":\"https:\/\/textiltrenquelauquen.com\/?product=matafuegos-espuma-quimica\",\"name\":\"Textil Trenque Lauquen\",\"isPartOf\":{\"@id\":\"https:\/\/textiltrenquelauquen.com\/#website\"},\"primaryImageOfPage\":{\"@id\":\"https:\/\/textiltrenquelauquen.com\/?product=matafuegos-espuma-quimica#primaryimage\"},\"image\":{\"@id\":\"https:\/\/textiltrenquelauquen.com\/?product=matafuegos-espuma-quimica#primaryimage\"},\"thumbnailUrl\":\"https:\/\/textiltrenquelauquen.com\/wp-content\/uploads\/2020\/05\/IMG-20250505-WA0018.jpg\",\"datePublished\":\"2020-05-10T15:55:44+00:00\",\"dateModified\":\"2025-05-19T02:08:39+00:00\",\"description\":\"Pampero Quimil\u00ed es una empresa comercial nacida en la ciudad de Quimil\u00ed, Pcia. de Santiago del Estero, Rep\u00fablica Argentina.Su fin principal es la venta al por mayor y menor de indumentaria, calzado y equipamiento de seguridad para la industria, el comercio y entidades en general, tanto publico como privados.\",\"breadcrumb\":{\"@id\":\"https:\/\/textiltrenquelauquen.com\/?product=matafuegos-espuma-quimica#breadcrumb\"},\"inLanguage\":\"es-AR\",\"potentialAction\":[{\"@type\":\"ReadAction\",\"target\":[\"https:\/\/textiltrenquelauquen.com\/?product=matafuegos-espuma-quimica\"]}]},{\"@type\":\"ImageObject\",\"inLanguage\":\"es-AR\",\"@id\":\"https:\/\/textiltrenquelauquen.com\/?product=matafuegos-espuma-quimica#primaryimage\",\"url\":\"https:\/\/textiltrenquelauquen.com\/wp-content\/uploads\/2020\/05\/IMG-20250505-WA0018.jpg\",\"contentUrl\":\"https:\/\/textiltrenquelauquen.com\/wp-content\/uploads\/2020\/05\/IMG-20250505-WA0018.jpg\",\"width\":1280,\"height\":1280},{\"@type\":\"BreadcrumbList\",\"@id\":\"https:\/\/textiltrenquelauquen.com\/?product=matafuegos-espuma-quimica#breadcrumb\",\"itemListElement\":[{\"@type\":\"ListItem\",\"position\":1,\"name\":\"Inicio\",\"item\":\"https:\/\/textiltrenquelauquen.com\/\"},{\"@type\":\"ListItem\",\"position\":2,\"name\":\"Catalogo\",\"item\":\"https:\/\/textiltrenquelauquen.com\/?page_id=92\"},{\"@type\":\"ListItem\",\"position\":3,\"name\":\"Cinta de fijaci\u00f3n 10,5 cm x 9 m con gancho en L\"}]},{\"@type\":\"WebSite\",\"@id\":\"https:\/\/textiltrenquelauquen.com\/#website\",\"url\":\"https:\/\/textiltrenquelauquen.com\/\",\"name\":\"Textil Trenque Lauquen\",\"description\":\"Textil Trenque Lauquen\",\"publisher\":{\"@id\":\"https:\/\/textiltrenquelauquen.com\/#organization\"},\"potentialAction\":[{\"@type\":\"SearchAction\",\"target\":{\"@type\":\"EntryPoint\",\"urlTemplate\":\"https:\/\/textiltrenquelauquen.com\/?s={search_term_string}\"},\"query-input\":{\"@type\":\"PropertyValueSpecification\",\"valueRequired\":true,\"valueName\":\"search_term_string\"}}],\"inLanguage\":\"es-AR\"},{\"@type\":\"Organization\",\"@id\":\"https:\/\/textiltrenquelauquen.com\/#organization\",\"name\":\"Pampero Quimil\u00ed\",\"url\":\"https:\/\/textiltrenquelauquen.com\/\",\"logo\":{\"@type\":\"ImageObject\",\"inLanguage\":\"es-AR\",\"@id\":\"https:\/\/textiltrenquelauquen.com\/#\/schema\/logo\/image\/\",\"url\":\"https:\/\/textiltrenquelauquen.com\/wp-content\/uploads\/2020\/04\/logomio-1.png\",\"contentUrl\":\"https:\/\/textiltrenquelauquen.com\/wp-content\/uploads\/2020\/04\/logomio-1.png\",\"width\":775,\"height\":250,\"caption\":\"Pampero Quimil\u00ed\"},\"image\":{\"@id\":\"https:\/\/textiltrenquelauquen.com\/#\/schema\/logo\/image\/\"},\"sameAs\":[\"https:\/\/www.facebook.com\/pampero.rufino\"]}]}<\/script>\n<!-- \/ Yoast SEO plugin. -->","yoast_head_json":{"title":"Textil Trenque Lauquen","description":"Pampero Quimil\u00ed es una empresa comercial nacida en la ciudad de Quimil\u00ed, Pcia. de Santiago del Estero, Rep\u00fablica Argentina.Su fin principal es la venta al por mayor y menor de indumentaria, calzado y equipamiento de seguridad para la industria, el comercio y entidades en general, tanto publico como privados.","robots":{"index":"index","follow":"follow","max-snippet":"max-snippet:-1","max-image-preview":"max-image-preview:large","max-video-preview":"max-video-preview:-1"},"canonical":"https:\/\/textiltrenquelauquen.com\/?product=matafuegos-espuma-quimica","og_locale":"es_ES","og_type":"article","og_title":"Textil Trenque Lauquen","og_description":"Pampero Quimil\u00ed es una empresa comercial nacida en la ciudad de Quimil\u00ed, Pcia. de Santiago del Estero, Rep\u00fablica Argentina.Su fin principal es la venta al por mayor y menor de indumentaria, calzado y equipamiento de seguridad para la industria, el comercio y entidades en general, tanto publico como privados.","og_url":"https:\/\/textiltrenquelauquen.com\/?product=matafuegos-espuma-quimica","og_site_name":"Textil Trenque Lauquen","article_publisher":"https:\/\/www.facebook.com\/pampero.rufino","article_modified_time":"2025-05-19T02:08:39+00:00","og_image":[{"width":1280,"height":1280,"url":"https:\/\/textiltrenquelauquen.com\/wp-content\/uploads\/2020\/05\/IMG-20250505-WA0018.jpg","type":"image\/jpeg"}],"twitter_card":"summary_large_image","twitter_misc":{"Tiempo de lectura":"2 minutos"},"schema":{"@context":"https:\/\/schema.org","@graph":[{"@type":"WebPage","@id":"https:\/\/textiltrenquelauquen.com\/?product=matafuegos-espuma-quimica","url":"https:\/\/textiltrenquelauquen.com\/?product=matafuegos-espuma-quimica","name":"Textil Trenque Lauquen","isPartOf":{"@id":"https:\/\/textiltrenquelauquen.com\/#website"},"primaryImageOfPage":{"@id":"https:\/\/textiltrenquelauquen.com\/?product=matafuegos-espuma-quimica#primaryimage"},"image":{"@id":"https:\/\/textiltrenquelauquen.com\/?product=matafuegos-espuma-quimica#primaryimage"},"thumbnailUrl":"https:\/\/textiltrenquelauquen.com\/wp-content\/uploads\/2020\/05\/IMG-20250505-WA0018.jpg","datePublished":"2020-05-10T15:55:44+00:00","dateModified":"2025-05-19T02:08:39+00:00","description":"Pampero Quimil\u00ed es una empresa comercial nacida en la ciudad de Quimil\u00ed, Pcia. de Santiago del Estero, Rep\u00fablica Argentina.Su fin principal es la venta al por mayor y menor de indumentaria, calzado y equipamiento de seguridad para la industria, el comercio y entidades en general, tanto publico como privados.","breadcrumb":{"@id":"https:\/\/textiltrenquelauquen.com\/?product=matafuegos-espuma-quimica#breadcrumb"},"inLanguage":"es-AR","potentialAction":[{"@type":"ReadAction","target":["https:\/\/textiltrenquelauquen.com\/?product=matafuegos-espuma-quimica"]}]},{"@type":"ImageObject","inLanguage":"es-AR","@id":"https:\/\/textiltrenquelauquen.com\/?product=matafuegos-espuma-quimica#primaryimage","url":"https:\/\/textiltrenquelauquen.com\/wp-content\/uploads\/2020\/05\/IMG-20250505-WA0018.jpg","contentUrl":"https:\/\/textiltrenquelauquen.com\/wp-content\/uploads\/2020\/05\/IMG-20250505-WA0018.jpg","width":1280,"height":1280},{"@type":"BreadcrumbList","@id":"https:\/\/textiltrenquelauquen.com\/?product=matafuegos-espuma-quimica#breadcrumb","itemListElement":[{"@type":"ListItem","position":1,"name":"Inicio","item":"https:\/\/textiltrenquelauquen.com\/"},{"@type":"ListItem","position":2,"name":"Catalogo","item":"https:\/\/textiltrenquelauquen.com\/?page_id=92"},{"@type":"ListItem","position":3,"name":"Cinta de fijaci\u00f3n 10,5 cm x 9 m con gancho en L"}]},{"@type":"WebSite","@id":"https:\/\/textiltrenquelauquen.com\/#website","url":"https:\/\/textiltrenquelauquen.com\/","name":"Textil Trenque Lauquen","description":"Textil Trenque Lauquen","publisher":{"@id":"https:\/\/textiltrenquelauquen.com\/#organization"},"potentialAction":[{"@type":"SearchAction","target":{"@type":"EntryPoint","urlTemplate":"https:\/\/textiltrenquelauquen.com\/?s={search_term_string}"},"query-input":{"@type":"PropertyValueSpecification","valueRequired":true,"valueName":"search_term_string"}}],"inLanguage":"es-AR"},{"@type":"Organization","@id":"https:\/\/textiltrenquelauquen.com\/#organization","name":"Pampero Quimil\u00ed","url":"https:\/\/textiltrenquelauquen.com\/","logo":{"@type":"ImageObject","inLanguage":"es-AR","@id":"https:\/\/textiltrenquelauquen.com\/#\/schema\/logo\/image\/","url":"https:\/\/textiltrenquelauquen.com\/wp-content\/uploads\/2020\/04\/logomio-1.png","contentUrl":"https:\/\/textiltrenquelauquen.com\/wp-content\/uploads\/2020\/04\/logomio-1.png","width":775,"height":250,"caption":"Pampero Quimil\u00ed"},"image":{"@id":"https:\/\/textiltrenquelauquen.com\/#\/schema\/logo\/image\/"},"sameAs":["https:\/\/www.facebook.com\/pampero.rufino"]}]}},"_links":{"self":[{"href":"https:\/\/textiltrenquelauquen.com\/index.php?rest_route=\/wp\/v2\/product\/1539","targetHints":{"allow":["GET"]}}],"collection":[{"href":"https:\/\/textiltrenquelauquen.com\/index.php?rest_route=\/wp\/v2\/product"}],"about":[{"href":"https:\/\/textiltrenquelauquen.com\/index.php?rest_route=\/wp\/v2\/types\/product"}],"wp:featuredmedia":[{"embeddable":true,"href":"https:\/\/textiltrenquelauquen.com\/index.php?rest_route=\/wp\/v2\/media\/4275"}],"wp:attachment":[{"href":"https:\/\/textiltrenquelauquen.com\/index.php?rest_route=%2Fwp%2Fv2%2Fmedia&parent=1539"}],"wp:term":[{"taxonomy":"product_brand","embeddable":true,"href":"https:\/\/textiltrenquelauquen.com\/index.php?rest_route=%2Fwp%2Fv2%2Fproduct_brand&post=1539"},{"taxonomy":"product_cat","embeddable":true,"href":"https:\/\/textiltrenquelauquen.com\/index.php?rest_route=%2Fwp%2Fv2%2Fproduct_cat&post=1539"},{"taxonomy":"product_tag","embeddable":true,"href":"https:\/\/textiltrenquelauquen.com\/index.php?rest_route=%2Fwp%2Fv2%2Fproduct_tag&post=1539"}],"curies":[{"name":"wp","href":"https:\/\/api.w.org\/{rel}","templated":true}]}}