{"id":1547,"date":"2020-05-10T13:00:16","date_gmt":"2020-05-10T16:00:16","guid":{"rendered":"https:\/\/textiltrenquelauquen.com\/?post_type=product&#038;p=1547"},"modified":"2025-05-18T23:03:56","modified_gmt":"2025-05-19T02:03:56","slug":"matafuegos-water-mist-10-lts","status":"publish","type":"product","link":"https:\/\/textiltrenquelauquen.com\/?product=matafuegos-water-mist-10-lts","title":{"rendered":"Cinta fijaci\u00f3n 5 cm x 6 m"},"content":{"rendered":"<p data-start=\"215\" data-end=\"446\">Cinta de fijaci\u00f3n de 5 cm x 6 metros con tensor (crique) y ganchos met\u00e1licos. Fabricada con poli\u00e9ster de alta tenacidad, soporta hasta 4500 kg, ideal para asegurar cargas durante el transporte, la log\u00edstica o trabajos industriales.<\/p>\n<p data-start=\"448\" data-end=\"515\">\u2705 F\u00e1cil de usar<br data-start=\"463\" data-end=\"466\" \/>\u2705 M\u00e1xima resistencia<br data-start=\"486\" data-end=\"489\" \/>\u2705 Incluye crique + ganchos<\/p>\n<p data-start=\"517\" data-end=\"729\">\ud83d\udce6 <strong data-start=\"520\" data-end=\"550\">Otros modelos disponibles:<\/strong><br data-start=\"550\" data-end=\"553\" \/>\u2013 5 cm x 9 m (4500 kg)<br data-start=\"575\" data-end=\"578\" \/>\u2013 5 cm x 12 m (4500 kg)<br data-start=\"601\" data-end=\"604\" \/>\u2013 2,5 cm x 4 m (800 kg)<br data-start=\"627\" data-end=\"630\" \/>\u2013 10,5 cm x 9 m (12000 kg)<br data-start=\"656\" data-end=\"659\" \/>\u2013 Con gancho en L o doble gancho<br data-start=\"691\" data-end=\"694\" \/>\u2013 Versiones sin tensor (cinta sola)<\/p>\n<p data-start=\"731\" data-end=\"841\">\ud83e\uddf0 <strong data-start=\"734\" data-end=\"778\">\u00bfNecesit\u00e1s otra medida o tipo de gancho?<\/strong><br data-start=\"778\" data-end=\"781\" \/>Consultanos por opciones personalizadas o grandes vol\u00famenes.<\/p>\n","protected":false},"excerpt":{"rendered":"<p>Cinta de fijaci\u00f3n de 5 cm x 6 metros con tensor (crique) y ganchos met\u00e1licos. Fabricada con poli\u00e9ster de alta tenacidad, soporta hasta 4500 kg, ideal para asegurar cargas durante el transporte, la log\u00edstica o trabajos industriales. \u2705 F\u00e1cil de usar\u2705 M\u00e1xima resistencia\u2705 Incluye crique + ganchos \ud83d\udce6 Otros modelos disponibles:\u2013 5 cm x 9 [&hellip;]<\/p>\n","protected":false},"featured_media":4272,"template":"","meta":{"site-sidebar-layout":"default","site-content-layout":"default","ast-site-content-layout":"default","site-content-style":"default","site-sidebar-style":"default","ast-global-header-display":"","ast-banner-title-visibility":"","ast-main-header-display":"","ast-hfb-above-header-display":"","ast-hfb-below-header-display":"","ast-hfb-mobile-header-display":"","site-post-title":"","ast-breadcrumbs-content":"","ast-featured-img":"","footer-sml-layout":"","theme-transparent-header-meta":"default","adv-header-id-meta":"","stick-header-meta":"","header-above-stick-meta":"","header-main-stick-meta":"","header-below-stick-meta":"","astra-migrate-meta-layouts":"set","ast-page-background-enabled":"default","ast-page-background-meta":{"desktop":{"background-color":"","background-image":"","background-repeat":"repeat","background-position":"center center","background-size":"auto","background-attachment":"scroll","background-type":"","background-media":"","overlay-type":"","overlay-color":"","overlay-opacity":"","overlay-gradient":""},"tablet":{"background-color":"","background-image":"","background-repeat":"repeat","background-position":"center center","background-size":"auto","background-attachment":"scroll","background-type":"","background-media":"","overlay-type":"","overlay-color":"","overlay-opacity":"","overlay-gradient":""},"mobile":{"background-color":"","background-image":"","background-repeat":"repeat","background-position":"center center","background-size":"auto","background-attachment":"scroll","background-type":"","background-media":"","overlay-type":"","overlay-color":"","overlay-opacity":"","overlay-gradient":""}},"ast-content-background-meta":{"desktop":{"background-color":"var(--ast-global-color-5)","background-image":"","background-repeat":"repeat","background-position":"center center","background-size":"auto","background-attachment":"scroll","background-type":"","background-media":"","overlay-type":"","overlay-color":"","overlay-opacity":"","overlay-gradient":""},"tablet":{"background-color":"var(--ast-global-color-5)","background-image":"","background-repeat":"repeat","background-position":"center center","background-size":"auto","background-attachment":"scroll","background-type":"","background-media":"","overlay-type":"","overlay-color":"","overlay-opacity":"","overlay-gradient":""},"mobile":{"background-color":"var(--ast-global-color-5)","background-image":"","background-repeat":"repeat","background-position":"center center","background-size":"auto","background-attachment":"scroll","background-type":"","background-media":"","overlay-type":"","overlay-color":"","overlay-opacity":"","overlay-gradient":""}},"_joinchat":[]},"product_brand":[],"product_cat":[199],"product_tag":[],"class_list":{"0":"post-1547","1":"product","2":"type-product","3":"status-publish","4":"has-post-thumbnail","6":"product_cat-fijaciones-con-tensor-crique-y-ganchos","7":"desktop-align-center","8":"tablet-align-center","9":"mobile-align-center","11":"first","12":"instock","13":"shipping-taxable","14":"product-type-simple"},"yoast_head":"<!-- This site is optimized with the Yoast SEO plugin v25.0 - https:\/\/yoast.com\/wordpress\/plugins\/seo\/ -->\n<title>Textil Trenque Lauquen<\/title>\n<meta name=\"description\" content=\"Pampero Quimil\u00ed es una empresa comercial nacida en la ciudad de Quimil\u00ed, Pcia. de Santiago del Estero, Rep\u00fablica Argentina.Su fin principal es la venta al por mayor y menor de indumentaria, calzado y equipamiento de seguridad para la industria, el comercio y entidades en general, tanto publico como privados.\" \/>\n<meta name=\"robots\" content=\"index, follow, max-snippet:-1, max-image-preview:large, max-video-preview:-1\" \/>\n<link rel=\"canonical\" href=\"https:\/\/textiltrenquelauquen.com\/?product=matafuegos-water-mist-10-lts\" \/>\n<meta property=\"og:locale\" content=\"es_ES\" \/>\n<meta property=\"og:type\" content=\"article\" \/>\n<meta property=\"og:title\" content=\"Textil Trenque Lauquen\" \/>\n<meta property=\"og:description\" content=\"Pampero Quimil\u00ed es una empresa comercial nacida en la ciudad de Quimil\u00ed, Pcia. de Santiago del Estero, Rep\u00fablica Argentina.Su fin principal es la venta al por mayor y menor de indumentaria, calzado y equipamiento de seguridad para la industria, el comercio y entidades en general, tanto publico como privados.\" \/>\n<meta property=\"og:url\" content=\"https:\/\/textiltrenquelauquen.com\/?product=matafuegos-water-mist-10-lts\" \/>\n<meta property=\"og:site_name\" content=\"Textil Trenque Lauquen\" \/>\n<meta property=\"article:publisher\" content=\"https:\/\/www.facebook.com\/pampero.rufino\" \/>\n<meta property=\"article:modified_time\" content=\"2025-05-19T02:03:56+00:00\" \/>\n<meta property=\"og:image\" content=\"https:\/\/textiltrenquelauquen.com\/wp-content\/uploads\/2020\/05\/IMG-20250505-WA0017.jpg\" \/>\n\t<meta property=\"og:image:width\" content=\"1280\" \/>\n\t<meta property=\"og:image:height\" content=\"1280\" \/>\n\t<meta property=\"og:image:type\" content=\"image\/jpeg\" \/>\n<meta name=\"twitter:card\" content=\"summary_large_image\" \/>\n<meta name=\"twitter:label1\" content=\"Tiempo de lectura\" \/>\n\t<meta name=\"twitter:data1\" content=\"1 minuto\" \/>\n<script type=\"application\/ld+json\" class=\"yoast-schema-graph\">{\"@context\":\"https:\/\/schema.org\",\"@graph\":[{\"@type\":\"WebPage\",\"@id\":\"https:\/\/textiltrenquelauquen.com\/?product=matafuegos-water-mist-10-lts\",\"url\":\"https:\/\/textiltrenquelauquen.com\/?product=matafuegos-water-mist-10-lts\",\"name\":\"Textil Trenque Lauquen\",\"isPartOf\":{\"@id\":\"https:\/\/textiltrenquelauquen.com\/#website\"},\"primaryImageOfPage\":{\"@id\":\"https:\/\/textiltrenquelauquen.com\/?product=matafuegos-water-mist-10-lts#primaryimage\"},\"image\":{\"@id\":\"https:\/\/textiltrenquelauquen.com\/?product=matafuegos-water-mist-10-lts#primaryimage\"},\"thumbnailUrl\":\"https:\/\/textiltrenquelauquen.com\/wp-content\/uploads\/2020\/05\/IMG-20250505-WA0017.jpg\",\"datePublished\":\"2020-05-10T16:00:16+00:00\",\"dateModified\":\"2025-05-19T02:03:56+00:00\",\"description\":\"Pampero Quimil\u00ed es una empresa comercial nacida en la ciudad de Quimil\u00ed, Pcia. de Santiago del Estero, Rep\u00fablica Argentina.Su fin principal es la venta al por mayor y menor de indumentaria, calzado y equipamiento de seguridad para la industria, el comercio y entidades en general, tanto publico como privados.\",\"breadcrumb\":{\"@id\":\"https:\/\/textiltrenquelauquen.com\/?product=matafuegos-water-mist-10-lts#breadcrumb\"},\"inLanguage\":\"es-AR\",\"potentialAction\":[{\"@type\":\"ReadAction\",\"target\":[\"https:\/\/textiltrenquelauquen.com\/?product=matafuegos-water-mist-10-lts\"]}]},{\"@type\":\"ImageObject\",\"inLanguage\":\"es-AR\",\"@id\":\"https:\/\/textiltrenquelauquen.com\/?product=matafuegos-water-mist-10-lts#primaryimage\",\"url\":\"https:\/\/textiltrenquelauquen.com\/wp-content\/uploads\/2020\/05\/IMG-20250505-WA0017.jpg\",\"contentUrl\":\"https:\/\/textiltrenquelauquen.com\/wp-content\/uploads\/2020\/05\/IMG-20250505-WA0017.jpg\",\"width\":1280,\"height\":1280},{\"@type\":\"BreadcrumbList\",\"@id\":\"https:\/\/textiltrenquelauquen.com\/?product=matafuegos-water-mist-10-lts#breadcrumb\",\"itemListElement\":[{\"@type\":\"ListItem\",\"position\":1,\"name\":\"Inicio\",\"item\":\"https:\/\/textiltrenquelauquen.com\/\"},{\"@type\":\"ListItem\",\"position\":2,\"name\":\"Catalogo\",\"item\":\"https:\/\/textiltrenquelauquen.com\/?page_id=92\"},{\"@type\":\"ListItem\",\"position\":3,\"name\":\"Cinta fijaci\u00f3n 5 cm x 6 m\"}]},{\"@type\":\"WebSite\",\"@id\":\"https:\/\/textiltrenquelauquen.com\/#website\",\"url\":\"https:\/\/textiltrenquelauquen.com\/\",\"name\":\"Textil Trenque Lauquen\",\"description\":\"Textil Trenque Lauquen\",\"publisher\":{\"@id\":\"https:\/\/textiltrenquelauquen.com\/#organization\"},\"potentialAction\":[{\"@type\":\"SearchAction\",\"target\":{\"@type\":\"EntryPoint\",\"urlTemplate\":\"https:\/\/textiltrenquelauquen.com\/?s={search_term_string}\"},\"query-input\":{\"@type\":\"PropertyValueSpecification\",\"valueRequired\":true,\"valueName\":\"search_term_string\"}}],\"inLanguage\":\"es-AR\"},{\"@type\":\"Organization\",\"@id\":\"https:\/\/textiltrenquelauquen.com\/#organization\",\"name\":\"Pampero Quimil\u00ed\",\"url\":\"https:\/\/textiltrenquelauquen.com\/\",\"logo\":{\"@type\":\"ImageObject\",\"inLanguage\":\"es-AR\",\"@id\":\"https:\/\/textiltrenquelauquen.com\/#\/schema\/logo\/image\/\",\"url\":\"https:\/\/textiltrenquelauquen.com\/wp-content\/uploads\/2020\/04\/logomio-1.png\",\"contentUrl\":\"https:\/\/textiltrenquelauquen.com\/wp-content\/uploads\/2020\/04\/logomio-1.png\",\"width\":775,\"height\":250,\"caption\":\"Pampero Quimil\u00ed\"},\"image\":{\"@id\":\"https:\/\/textiltrenquelauquen.com\/#\/schema\/logo\/image\/\"},\"sameAs\":[\"https:\/\/www.facebook.com\/pampero.rufino\"]}]}<\/script>\n<!-- \/ Yoast SEO plugin. -->","yoast_head_json":{"title":"Textil Trenque Lauquen","description":"Pampero Quimil\u00ed es una empresa comercial nacida en la ciudad de Quimil\u00ed, Pcia. de Santiago del Estero, Rep\u00fablica Argentina.Su fin principal es la venta al por mayor y menor de indumentaria, calzado y equipamiento de seguridad para la industria, el comercio y entidades en general, tanto publico como privados.","robots":{"index":"index","follow":"follow","max-snippet":"max-snippet:-1","max-image-preview":"max-image-preview:large","max-video-preview":"max-video-preview:-1"},"canonical":"https:\/\/textiltrenquelauquen.com\/?product=matafuegos-water-mist-10-lts","og_locale":"es_ES","og_type":"article","og_title":"Textil Trenque Lauquen","og_description":"Pampero Quimil\u00ed es una empresa comercial nacida en la ciudad de Quimil\u00ed, Pcia. de Santiago del Estero, Rep\u00fablica Argentina.Su fin principal es la venta al por mayor y menor de indumentaria, calzado y equipamiento de seguridad para la industria, el comercio y entidades en general, tanto publico como privados.","og_url":"https:\/\/textiltrenquelauquen.com\/?product=matafuegos-water-mist-10-lts","og_site_name":"Textil Trenque Lauquen","article_publisher":"https:\/\/www.facebook.com\/pampero.rufino","article_modified_time":"2025-05-19T02:03:56+00:00","og_image":[{"width":1280,"height":1280,"url":"https:\/\/textiltrenquelauquen.com\/wp-content\/uploads\/2020\/05\/IMG-20250505-WA0017.jpg","type":"image\/jpeg"}],"twitter_card":"summary_large_image","twitter_misc":{"Tiempo de lectura":"1 minuto"},"schema":{"@context":"https:\/\/schema.org","@graph":[{"@type":"WebPage","@id":"https:\/\/textiltrenquelauquen.com\/?product=matafuegos-water-mist-10-lts","url":"https:\/\/textiltrenquelauquen.com\/?product=matafuegos-water-mist-10-lts","name":"Textil Trenque Lauquen","isPartOf":{"@id":"https:\/\/textiltrenquelauquen.com\/#website"},"primaryImageOfPage":{"@id":"https:\/\/textiltrenquelauquen.com\/?product=matafuegos-water-mist-10-lts#primaryimage"},"image":{"@id":"https:\/\/textiltrenquelauquen.com\/?product=matafuegos-water-mist-10-lts#primaryimage"},"thumbnailUrl":"https:\/\/textiltrenquelauquen.com\/wp-content\/uploads\/2020\/05\/IMG-20250505-WA0017.jpg","datePublished":"2020-05-10T16:00:16+00:00","dateModified":"2025-05-19T02:03:56+00:00","description":"Pampero Quimil\u00ed es una empresa comercial nacida en la ciudad de Quimil\u00ed, Pcia. de Santiago del Estero, Rep\u00fablica Argentina.Su fin principal es la venta al por mayor y menor de indumentaria, calzado y equipamiento de seguridad para la industria, el comercio y entidades en general, tanto publico como privados.","breadcrumb":{"@id":"https:\/\/textiltrenquelauquen.com\/?product=matafuegos-water-mist-10-lts#breadcrumb"},"inLanguage":"es-AR","potentialAction":[{"@type":"ReadAction","target":["https:\/\/textiltrenquelauquen.com\/?product=matafuegos-water-mist-10-lts"]}]},{"@type":"ImageObject","inLanguage":"es-AR","@id":"https:\/\/textiltrenquelauquen.com\/?product=matafuegos-water-mist-10-lts#primaryimage","url":"https:\/\/textiltrenquelauquen.com\/wp-content\/uploads\/2020\/05\/IMG-20250505-WA0017.jpg","contentUrl":"https:\/\/textiltrenquelauquen.com\/wp-content\/uploads\/2020\/05\/IMG-20250505-WA0017.jpg","width":1280,"height":1280},{"@type":"BreadcrumbList","@id":"https:\/\/textiltrenquelauquen.com\/?product=matafuegos-water-mist-10-lts#breadcrumb","itemListElement":[{"@type":"ListItem","position":1,"name":"Inicio","item":"https:\/\/textiltrenquelauquen.com\/"},{"@type":"ListItem","position":2,"name":"Catalogo","item":"https:\/\/textiltrenquelauquen.com\/?page_id=92"},{"@type":"ListItem","position":3,"name":"Cinta fijaci\u00f3n 5 cm x 6 m"}]},{"@type":"WebSite","@id":"https:\/\/textiltrenquelauquen.com\/#website","url":"https:\/\/textiltrenquelauquen.com\/","name":"Textil Trenque Lauquen","description":"Textil Trenque Lauquen","publisher":{"@id":"https:\/\/textiltrenquelauquen.com\/#organization"},"potentialAction":[{"@type":"SearchAction","target":{"@type":"EntryPoint","urlTemplate":"https:\/\/textiltrenquelauquen.com\/?s={search_term_string}"},"query-input":{"@type":"PropertyValueSpecification","valueRequired":true,"valueName":"search_term_string"}}],"inLanguage":"es-AR"},{"@type":"Organization","@id":"https:\/\/textiltrenquelauquen.com\/#organization","name":"Pampero Quimil\u00ed","url":"https:\/\/textiltrenquelauquen.com\/","logo":{"@type":"ImageObject","inLanguage":"es-AR","@id":"https:\/\/textiltrenquelauquen.com\/#\/schema\/logo\/image\/","url":"https:\/\/textiltrenquelauquen.com\/wp-content\/uploads\/2020\/04\/logomio-1.png","contentUrl":"https:\/\/textiltrenquelauquen.com\/wp-content\/uploads\/2020\/04\/logomio-1.png","width":775,"height":250,"caption":"Pampero Quimil\u00ed"},"image":{"@id":"https:\/\/textiltrenquelauquen.com\/#\/schema\/logo\/image\/"},"sameAs":["https:\/\/www.facebook.com\/pampero.rufino"]}]}},"_links":{"self":[{"href":"https:\/\/textiltrenquelauquen.com\/index.php?rest_route=\/wp\/v2\/product\/1547","targetHints":{"allow":["GET"]}}],"collection":[{"href":"https:\/\/textiltrenquelauquen.com\/index.php?rest_route=\/wp\/v2\/product"}],"about":[{"href":"https:\/\/textiltrenquelauquen.com\/index.php?rest_route=\/wp\/v2\/types\/product"}],"wp:featuredmedia":[{"embeddable":true,"href":"https:\/\/textiltrenquelauquen.com\/index.php?rest_route=\/wp\/v2\/media\/4272"}],"wp:attachment":[{"href":"https:\/\/textiltrenquelauquen.com\/index.php?rest_route=%2Fwp%2Fv2%2Fmedia&parent=1547"}],"wp:term":[{"taxonomy":"product_brand","embeddable":true,"href":"https:\/\/textiltrenquelauquen.com\/index.php?rest_route=%2Fwp%2Fv2%2Fproduct_brand&post=1547"},{"taxonomy":"product_cat","embeddable":true,"href":"https:\/\/textiltrenquelauquen.com\/index.php?rest_route=%2Fwp%2Fv2%2Fproduct_cat&post=1547"},{"taxonomy":"product_tag","embeddable":true,"href":"https:\/\/textiltrenquelauquen.com\/index.php?rest_route=%2Fwp%2Fv2%2Fproduct_tag&post=1547"}],"curies":[{"name":"wp","href":"https:\/\/api.w.org\/{rel}","templated":true}]}}