{"id":1551,"date":"2020-05-10T13:04:06","date_gmt":"2020-05-10T16:04:06","guid":{"rendered":"https:\/\/textiltrenquelauquen.com\/?post_type=product&#038;p=1551"},"modified":"2025-05-18T23:03:42","modified_gmt":"2025-05-19T02:03:42","slug":"matafuegos-f500","status":"publish","type":"product","link":"https:\/\/textiltrenquelauquen.com\/?product=matafuegos-f500","title":{"rendered":"Soga poli\u00e9ster AT 8\u00d7100 m"},"content":{"rendered":"<p data-start=\"200\" data-end=\"462\">Soga de poli\u00e9ster AT (Alta Tenacidad) de 8 mm de espesor, en rollo de 100 metros. Ideal para usos industriales, carga liviana o media, y situaciones donde se requiere mayor resistencia al desgaste, al sol y a la humedad en comparaci\u00f3n con sogas de polipropileno.<\/p>\n<p data-start=\"464\" data-end=\"569\">\ud83e\uddf0 <strong data-start=\"467\" data-end=\"487\">Usos frecuentes:<\/strong><br data-start=\"487\" data-end=\"490\" \/>\u2013 Tareas generales de amarre<br data-start=\"518\" data-end=\"521\" \/>\u2013 Actividades industriales<br data-start=\"547\" data-end=\"550\" \/>\u2013 Uso en exteriores<\/p>\n<p data-start=\"571\" data-end=\"802\">\ud83d\udce6 <strong data-start=\"574\" data-end=\"602\">Otras sogas disponibles:<\/strong><br data-start=\"602\" data-end=\"605\" \/>\u2013 Soga poli\u00e9ster AT 6\u00d7100 m<br data-start=\"632\" data-end=\"635\" \/>\u2013 Sogas de polipropileno multifilamento (varios espesores y colores)<br data-start=\"703\" data-end=\"706\" \/>\u2013 Sogas el\u00e1sticas (6 y 8 mm)<br data-start=\"734\" data-end=\"737\" \/>\u2013 Sogas forradas con PVC<br data-start=\"761\" data-end=\"764\" \/>\u2013 Sogas especiales para arrancamotores<\/p>\n<p data-start=\"804\" data-end=\"935\">\ud83e\uddf6 <strong data-start=\"807\" data-end=\"847\">\u00bfNo encontr\u00e1s la soga que necesit\u00e1s?<\/strong><br data-start=\"847\" data-end=\"850\" \/>Consultanos por largos, espesores o usos espec\u00edficos. Fabricamos soluciones a medida.<\/p>\n","protected":false},"excerpt":{"rendered":"<p>Soga de poli\u00e9ster AT (Alta Tenacidad) de 8 mm de espesor, en rollo de 100 metros. Ideal para usos industriales, carga liviana o media, y situaciones donde se requiere mayor resistencia al desgaste, al sol y a la humedad en comparaci\u00f3n con sogas de polipropileno. \ud83e\uddf0 Usos frecuentes:\u2013 Tareas generales de amarre\u2013 Actividades industriales\u2013 Uso [&hellip;]<\/p>\n","protected":false},"featured_media":4269,"template":"","meta":{"site-sidebar-layout":"default","site-content-layout":"default","ast-site-content-layout":"default","site-content-style":"default","site-sidebar-style":"default","ast-global-header-display":"","ast-banner-title-visibility":"","ast-main-header-display":"","ast-hfb-above-header-display":"","ast-hfb-below-header-display":"","ast-hfb-mobile-header-display":"","site-post-title":"","ast-breadcrumbs-content":"","ast-featured-img":"","footer-sml-layout":"","theme-transparent-header-meta":"default","adv-header-id-meta":"","stick-header-meta":"","header-above-stick-meta":"","header-main-stick-meta":"","header-below-stick-meta":"","astra-migrate-meta-layouts":"set","ast-page-background-enabled":"default","ast-page-background-meta":{"desktop":{"background-color":"","background-image":"","background-repeat":"repeat","background-position":"center center","background-size":"auto","background-attachment":"scroll","background-type":"","background-media":"","overlay-type":"","overlay-color":"","overlay-opacity":"","overlay-gradient":""},"tablet":{"background-color":"","background-image":"","background-repeat":"repeat","background-position":"center center","background-size":"auto","background-attachment":"scroll","background-type":"","background-media":"","overlay-type":"","overlay-color":"","overlay-opacity":"","overlay-gradient":""},"mobile":{"background-color":"","background-image":"","background-repeat":"repeat","background-position":"center center","background-size":"auto","background-attachment":"scroll","background-type":"","background-media":"","overlay-type":"","overlay-color":"","overlay-opacity":"","overlay-gradient":""}},"ast-content-background-meta":{"desktop":{"background-color":"var(--ast-global-color-5)","background-image":"","background-repeat":"repeat","background-position":"center center","background-size":"auto","background-attachment":"scroll","background-type":"","background-media":"","overlay-type":"","overlay-color":"","overlay-opacity":"","overlay-gradient":""},"tablet":{"background-color":"var(--ast-global-color-5)","background-image":"","background-repeat":"repeat","background-position":"center center","background-size":"auto","background-attachment":"scroll","background-type":"","background-media":"","overlay-type":"","overlay-color":"","overlay-opacity":"","overlay-gradient":""},"mobile":{"background-color":"var(--ast-global-color-5)","background-image":"","background-repeat":"repeat","background-position":"center center","background-size":"auto","background-attachment":"scroll","background-type":"","background-media":"","overlay-type":"","overlay-color":"","overlay-opacity":"","overlay-gradient":""}},"_joinchat":[]},"product_brand":[],"product_cat":[198],"product_tag":[],"class_list":{"0":"post-1551","1":"product","2":"type-product","3":"status-publish","4":"has-post-thumbnail","6":"product_cat-sogas-de-polipropileno","7":"desktop-align-center","8":"tablet-align-center","9":"mobile-align-center","11":"first","12":"instock","13":"shipping-taxable","14":"purchasable","15":"product-type-variable"},"yoast_head":"<!-- This site is optimized with the Yoast SEO plugin v25.0 - https:\/\/yoast.com\/wordpress\/plugins\/seo\/ -->\n<title>Textil Trenque Lauquen<\/title>\n<meta name=\"description\" content=\"Pampero Quimil\u00ed es una empresa comercial nacida en la ciudad de Quimil\u00ed, Pcia. de Santiago del Estero, Rep\u00fablica Argentina.Su fin principal es la venta al por mayor y menor de indumentaria, calzado y equipamiento de seguridad para la industria, el comercio y entidades en general, tanto publico como privados.\" \/>\n<meta name=\"robots\" content=\"index, follow, max-snippet:-1, max-image-preview:large, max-video-preview:-1\" \/>\n<link rel=\"canonical\" href=\"https:\/\/textiltrenquelauquen.com\/?product=matafuegos-f500\" \/>\n<meta property=\"og:locale\" content=\"es_ES\" \/>\n<meta property=\"og:type\" content=\"article\" \/>\n<meta property=\"og:title\" content=\"Textil Trenque Lauquen\" \/>\n<meta property=\"og:description\" content=\"Pampero Quimil\u00ed es una empresa comercial nacida en la ciudad de Quimil\u00ed, Pcia. de Santiago del Estero, Rep\u00fablica Argentina.Su fin principal es la venta al por mayor y menor de indumentaria, calzado y equipamiento de seguridad para la industria, el comercio y entidades en general, tanto publico como privados.\" \/>\n<meta property=\"og:url\" content=\"https:\/\/textiltrenquelauquen.com\/?product=matafuegos-f500\" \/>\n<meta property=\"og:site_name\" content=\"Textil Trenque Lauquen\" \/>\n<meta property=\"article:publisher\" content=\"https:\/\/www.facebook.com\/pampero.rufino\" \/>\n<meta property=\"article:modified_time\" content=\"2025-05-19T02:03:42+00:00\" \/>\n<meta property=\"og:image\" content=\"https:\/\/textiltrenquelauquen.com\/wp-content\/uploads\/2020\/05\/IMG-20250505-WA0029.jpg\" \/>\n\t<meta property=\"og:image:width\" content=\"1280\" \/>\n\t<meta property=\"og:image:height\" content=\"1280\" \/>\n\t<meta property=\"og:image:type\" content=\"image\/jpeg\" \/>\n<meta name=\"twitter:card\" content=\"summary_large_image\" \/>\n<meta name=\"twitter:label1\" content=\"Tiempo de lectura\" \/>\n\t<meta name=\"twitter:data1\" content=\"1 minuto\" \/>\n<script type=\"application\/ld+json\" class=\"yoast-schema-graph\">{\"@context\":\"https:\/\/schema.org\",\"@graph\":[{\"@type\":\"WebPage\",\"@id\":\"https:\/\/textiltrenquelauquen.com\/?product=matafuegos-f500\",\"url\":\"https:\/\/textiltrenquelauquen.com\/?product=matafuegos-f500\",\"name\":\"Textil Trenque Lauquen\",\"isPartOf\":{\"@id\":\"https:\/\/textiltrenquelauquen.com\/#website\"},\"primaryImageOfPage\":{\"@id\":\"https:\/\/textiltrenquelauquen.com\/?product=matafuegos-f500#primaryimage\"},\"image\":{\"@id\":\"https:\/\/textiltrenquelauquen.com\/?product=matafuegos-f500#primaryimage\"},\"thumbnailUrl\":\"https:\/\/textiltrenquelauquen.com\/wp-content\/uploads\/2020\/05\/IMG-20250505-WA0029.jpg\",\"datePublished\":\"2020-05-10T16:04:06+00:00\",\"dateModified\":\"2025-05-19T02:03:42+00:00\",\"description\":\"Pampero Quimil\u00ed es una empresa comercial nacida en la ciudad de Quimil\u00ed, Pcia. de Santiago del Estero, Rep\u00fablica Argentina.Su fin principal es la venta al por mayor y menor de indumentaria, calzado y equipamiento de seguridad para la industria, el comercio y entidades en general, tanto publico como privados.\",\"breadcrumb\":{\"@id\":\"https:\/\/textiltrenquelauquen.com\/?product=matafuegos-f500#breadcrumb\"},\"inLanguage\":\"es-AR\",\"potentialAction\":[{\"@type\":\"ReadAction\",\"target\":[\"https:\/\/textiltrenquelauquen.com\/?product=matafuegos-f500\"]}]},{\"@type\":\"ImageObject\",\"inLanguage\":\"es-AR\",\"@id\":\"https:\/\/textiltrenquelauquen.com\/?product=matafuegos-f500#primaryimage\",\"url\":\"https:\/\/textiltrenquelauquen.com\/wp-content\/uploads\/2020\/05\/IMG-20250505-WA0029.jpg\",\"contentUrl\":\"https:\/\/textiltrenquelauquen.com\/wp-content\/uploads\/2020\/05\/IMG-20250505-WA0029.jpg\",\"width\":1280,\"height\":1280},{\"@type\":\"BreadcrumbList\",\"@id\":\"https:\/\/textiltrenquelauquen.com\/?product=matafuegos-f500#breadcrumb\",\"itemListElement\":[{\"@type\":\"ListItem\",\"position\":1,\"name\":\"Inicio\",\"item\":\"https:\/\/textiltrenquelauquen.com\/\"},{\"@type\":\"ListItem\",\"position\":2,\"name\":\"Catalogo\",\"item\":\"https:\/\/textiltrenquelauquen.com\/?page_id=92\"},{\"@type\":\"ListItem\",\"position\":3,\"name\":\"Soga poli\u00e9ster AT 8\u00d7100 m\"}]},{\"@type\":\"WebSite\",\"@id\":\"https:\/\/textiltrenquelauquen.com\/#website\",\"url\":\"https:\/\/textiltrenquelauquen.com\/\",\"name\":\"Textil Trenque Lauquen\",\"description\":\"Textil Trenque Lauquen\",\"publisher\":{\"@id\":\"https:\/\/textiltrenquelauquen.com\/#organization\"},\"potentialAction\":[{\"@type\":\"SearchAction\",\"target\":{\"@type\":\"EntryPoint\",\"urlTemplate\":\"https:\/\/textiltrenquelauquen.com\/?s={search_term_string}\"},\"query-input\":{\"@type\":\"PropertyValueSpecification\",\"valueRequired\":true,\"valueName\":\"search_term_string\"}}],\"inLanguage\":\"es-AR\"},{\"@type\":\"Organization\",\"@id\":\"https:\/\/textiltrenquelauquen.com\/#organization\",\"name\":\"Pampero Quimil\u00ed\",\"url\":\"https:\/\/textiltrenquelauquen.com\/\",\"logo\":{\"@type\":\"ImageObject\",\"inLanguage\":\"es-AR\",\"@id\":\"https:\/\/textiltrenquelauquen.com\/#\/schema\/logo\/image\/\",\"url\":\"https:\/\/textiltrenquelauquen.com\/wp-content\/uploads\/2020\/04\/logomio-1.png\",\"contentUrl\":\"https:\/\/textiltrenquelauquen.com\/wp-content\/uploads\/2020\/04\/logomio-1.png\",\"width\":775,\"height\":250,\"caption\":\"Pampero Quimil\u00ed\"},\"image\":{\"@id\":\"https:\/\/textiltrenquelauquen.com\/#\/schema\/logo\/image\/\"},\"sameAs\":[\"https:\/\/www.facebook.com\/pampero.rufino\"]}]}<\/script>\n<!-- \/ Yoast SEO plugin. -->","yoast_head_json":{"title":"Textil Trenque Lauquen","description":"Pampero Quimil\u00ed es una empresa comercial nacida en la ciudad de Quimil\u00ed, Pcia. de Santiago del Estero, Rep\u00fablica Argentina.Su fin principal es la venta al por mayor y menor de indumentaria, calzado y equipamiento de seguridad para la industria, el comercio y entidades en general, tanto publico como privados.","robots":{"index":"index","follow":"follow","max-snippet":"max-snippet:-1","max-image-preview":"max-image-preview:large","max-video-preview":"max-video-preview:-1"},"canonical":"https:\/\/textiltrenquelauquen.com\/?product=matafuegos-f500","og_locale":"es_ES","og_type":"article","og_title":"Textil Trenque Lauquen","og_description":"Pampero Quimil\u00ed es una empresa comercial nacida en la ciudad de Quimil\u00ed, Pcia. de Santiago del Estero, Rep\u00fablica Argentina.Su fin principal es la venta al por mayor y menor de indumentaria, calzado y equipamiento de seguridad para la industria, el comercio y entidades en general, tanto publico como privados.","og_url":"https:\/\/textiltrenquelauquen.com\/?product=matafuegos-f500","og_site_name":"Textil Trenque Lauquen","article_publisher":"https:\/\/www.facebook.com\/pampero.rufino","article_modified_time":"2025-05-19T02:03:42+00:00","og_image":[{"width":1280,"height":1280,"url":"https:\/\/textiltrenquelauquen.com\/wp-content\/uploads\/2020\/05\/IMG-20250505-WA0029.jpg","type":"image\/jpeg"}],"twitter_card":"summary_large_image","twitter_misc":{"Tiempo de lectura":"1 minuto"},"schema":{"@context":"https:\/\/schema.org","@graph":[{"@type":"WebPage","@id":"https:\/\/textiltrenquelauquen.com\/?product=matafuegos-f500","url":"https:\/\/textiltrenquelauquen.com\/?product=matafuegos-f500","name":"Textil Trenque Lauquen","isPartOf":{"@id":"https:\/\/textiltrenquelauquen.com\/#website"},"primaryImageOfPage":{"@id":"https:\/\/textiltrenquelauquen.com\/?product=matafuegos-f500#primaryimage"},"image":{"@id":"https:\/\/textiltrenquelauquen.com\/?product=matafuegos-f500#primaryimage"},"thumbnailUrl":"https:\/\/textiltrenquelauquen.com\/wp-content\/uploads\/2020\/05\/IMG-20250505-WA0029.jpg","datePublished":"2020-05-10T16:04:06+00:00","dateModified":"2025-05-19T02:03:42+00:00","description":"Pampero Quimil\u00ed es una empresa comercial nacida en la ciudad de Quimil\u00ed, Pcia. de Santiago del Estero, Rep\u00fablica Argentina.Su fin principal es la venta al por mayor y menor de indumentaria, calzado y equipamiento de seguridad para la industria, el comercio y entidades en general, tanto publico como privados.","breadcrumb":{"@id":"https:\/\/textiltrenquelauquen.com\/?product=matafuegos-f500#breadcrumb"},"inLanguage":"es-AR","potentialAction":[{"@type":"ReadAction","target":["https:\/\/textiltrenquelauquen.com\/?product=matafuegos-f500"]}]},{"@type":"ImageObject","inLanguage":"es-AR","@id":"https:\/\/textiltrenquelauquen.com\/?product=matafuegos-f500#primaryimage","url":"https:\/\/textiltrenquelauquen.com\/wp-content\/uploads\/2020\/05\/IMG-20250505-WA0029.jpg","contentUrl":"https:\/\/textiltrenquelauquen.com\/wp-content\/uploads\/2020\/05\/IMG-20250505-WA0029.jpg","width":1280,"height":1280},{"@type":"BreadcrumbList","@id":"https:\/\/textiltrenquelauquen.com\/?product=matafuegos-f500#breadcrumb","itemListElement":[{"@type":"ListItem","position":1,"name":"Inicio","item":"https:\/\/textiltrenquelauquen.com\/"},{"@type":"ListItem","position":2,"name":"Catalogo","item":"https:\/\/textiltrenquelauquen.com\/?page_id=92"},{"@type":"ListItem","position":3,"name":"Soga poli\u00e9ster AT 8\u00d7100 m"}]},{"@type":"WebSite","@id":"https:\/\/textiltrenquelauquen.com\/#website","url":"https:\/\/textiltrenquelauquen.com\/","name":"Textil Trenque Lauquen","description":"Textil Trenque Lauquen","publisher":{"@id":"https:\/\/textiltrenquelauquen.com\/#organization"},"potentialAction":[{"@type":"SearchAction","target":{"@type":"EntryPoint","urlTemplate":"https:\/\/textiltrenquelauquen.com\/?s={search_term_string}"},"query-input":{"@type":"PropertyValueSpecification","valueRequired":true,"valueName":"search_term_string"}}],"inLanguage":"es-AR"},{"@type":"Organization","@id":"https:\/\/textiltrenquelauquen.com\/#organization","name":"Pampero Quimil\u00ed","url":"https:\/\/textiltrenquelauquen.com\/","logo":{"@type":"ImageObject","inLanguage":"es-AR","@id":"https:\/\/textiltrenquelauquen.com\/#\/schema\/logo\/image\/","url":"https:\/\/textiltrenquelauquen.com\/wp-content\/uploads\/2020\/04\/logomio-1.png","contentUrl":"https:\/\/textiltrenquelauquen.com\/wp-content\/uploads\/2020\/04\/logomio-1.png","width":775,"height":250,"caption":"Pampero Quimil\u00ed"},"image":{"@id":"https:\/\/textiltrenquelauquen.com\/#\/schema\/logo\/image\/"},"sameAs":["https:\/\/www.facebook.com\/pampero.rufino"]}]}},"_links":{"self":[{"href":"https:\/\/textiltrenquelauquen.com\/index.php?rest_route=\/wp\/v2\/product\/1551","targetHints":{"allow":["GET"]}}],"collection":[{"href":"https:\/\/textiltrenquelauquen.com\/index.php?rest_route=\/wp\/v2\/product"}],"about":[{"href":"https:\/\/textiltrenquelauquen.com\/index.php?rest_route=\/wp\/v2\/types\/product"}],"wp:featuredmedia":[{"embeddable":true,"href":"https:\/\/textiltrenquelauquen.com\/index.php?rest_route=\/wp\/v2\/media\/4269"}],"wp:attachment":[{"href":"https:\/\/textiltrenquelauquen.com\/index.php?rest_route=%2Fwp%2Fv2%2Fmedia&parent=1551"}],"wp:term":[{"taxonomy":"product_brand","embeddable":true,"href":"https:\/\/textiltrenquelauquen.com\/index.php?rest_route=%2Fwp%2Fv2%2Fproduct_brand&post=1551"},{"taxonomy":"product_cat","embeddable":true,"href":"https:\/\/textiltrenquelauquen.com\/index.php?rest_route=%2Fwp%2Fv2%2Fproduct_cat&post=1551"},{"taxonomy":"product_tag","embeddable":true,"href":"https:\/\/textiltrenquelauquen.com\/index.php?rest_route=%2Fwp%2Fv2%2Fproduct_tag&post=1551"}],"curies":[{"name":"wp","href":"https:\/\/api.w.org\/{rel}","templated":true}]}}