{"id":1566,"date":"2020-05-10T18:45:42","date_gmt":"2020-05-10T21:45:42","guid":{"rendered":"https:\/\/textiltrenquelauquen.com\/?post_type=product&#038;p=1566"},"modified":"2025-05-18T23:02:18","modified_gmt":"2025-05-19T02:02:18","slug":"matafuegos-acetato-de-potasio","status":"publish","type":"product","link":"https:\/\/textiltrenquelauquen.com\/?product=matafuegos-acetato-de-potasio","title":{"rendered":"Cinta de persiana TL reforzada (verde)"},"content":{"rendered":"<p data-start=\"247\" data-end=\"478\">Cinta de persiana TL reforzada color verde, ideal para sistemas de persianas de aluminio o PVC que requieren mayor resistencia y durabilidad. Su tejido reforzado ofrece un excelente desempe\u00f1o en usos intensivos o de larga duraci\u00f3n.<\/p>\n<p data-start=\"480\" data-end=\"738\">Tambi\u00e9n trabajamos otros modelos como:<br data-start=\"518\" data-end=\"521\" \/>\u2013 Cinta de persiana TL blanca<br data-start=\"550\" data-end=\"553\" \/>\u2013 Cinta de persiana TL 4 x 14 mm para aluminio<br data-start=\"599\" data-end=\"602\" \/>\u2013 Cinta de persiana TL 5 x 17 mm para aluminio<br data-start=\"648\" data-end=\"651\" \/>\u2013 Cinta de persiana super reforzada (verde)<br data-start=\"694\" data-end=\"697\" \/>\u2013 Cinta de persiana TL reforzada (blanca)<\/p>\n<p data-start=\"740\" data-end=\"883\">\ud83e\uddf5 <strong data-start=\"743\" data-end=\"782\">\u00bfNo encontr\u00e1s el modelo que busc\u00e1s?<\/strong><br data-start=\"782\" data-end=\"785\" \/>Consultanos, tenemos m\u00e1s opciones y medidas disponibles que pueden no figurar en la tienda online.<\/p>\n","protected":false},"excerpt":{"rendered":"<p>Cinta de persiana TL reforzada color verde, ideal para sistemas de persianas de aluminio o PVC que requieren mayor resistencia y durabilidad. Su tejido reforzado ofrece un excelente desempe\u00f1o en usos intensivos o de larga duraci\u00f3n. Tambi\u00e9n trabajamos otros modelos como:\u2013 Cinta de persiana TL blanca\u2013 Cinta de persiana TL 4 x 14 mm para [&hellip;]<\/p>\n","protected":false},"featured_media":4263,"template":"","meta":{"site-sidebar-layout":"default","site-content-layout":"default","ast-site-content-layout":"default","site-content-style":"default","site-sidebar-style":"default","ast-global-header-display":"","ast-banner-title-visibility":"","ast-main-header-display":"","ast-hfb-above-header-display":"","ast-hfb-below-header-display":"","ast-hfb-mobile-header-display":"","site-post-title":"","ast-breadcrumbs-content":"","ast-featured-img":"","footer-sml-layout":"","theme-transparent-header-meta":"default","adv-header-id-meta":"","stick-header-meta":"","header-above-stick-meta":"","header-main-stick-meta":"","header-below-stick-meta":"","astra-migrate-meta-layouts":"set","ast-page-background-enabled":"default","ast-page-background-meta":{"desktop":{"background-color":"","background-image":"","background-repeat":"repeat","background-position":"center center","background-size":"auto","background-attachment":"scroll","background-type":"","background-media":"","overlay-type":"","overlay-color":"","overlay-opacity":"","overlay-gradient":""},"tablet":{"background-color":"","background-image":"","background-repeat":"repeat","background-position":"center center","background-size":"auto","background-attachment":"scroll","background-type":"","background-media":"","overlay-type":"","overlay-color":"","overlay-opacity":"","overlay-gradient":""},"mobile":{"background-color":"","background-image":"","background-repeat":"repeat","background-position":"center center","background-size":"auto","background-attachment":"scroll","background-type":"","background-media":"","overlay-type":"","overlay-color":"","overlay-opacity":"","overlay-gradient":""}},"ast-content-background-meta":{"desktop":{"background-color":"var(--ast-global-color-5)","background-image":"","background-repeat":"repeat","background-position":"center center","background-size":"auto","background-attachment":"scroll","background-type":"","background-media":"","overlay-type":"","overlay-color":"","overlay-opacity":"","overlay-gradient":""},"tablet":{"background-color":"var(--ast-global-color-5)","background-image":"","background-repeat":"repeat","background-position":"center center","background-size":"auto","background-attachment":"scroll","background-type":"","background-media":"","overlay-type":"","overlay-color":"","overlay-opacity":"","overlay-gradient":""},"mobile":{"background-color":"var(--ast-global-color-5)","background-image":"","background-repeat":"repeat","background-position":"center center","background-size":"auto","background-attachment":"scroll","background-type":"","background-media":"","overlay-type":"","overlay-color":"","overlay-opacity":"","overlay-gradient":""}},"_joinchat":[]},"product_brand":[],"product_cat":[195],"product_tag":[],"class_list":{"0":"post-1566","1":"product","2":"type-product","3":"status-publish","4":"has-post-thumbnail","6":"product_cat-cintas-para-persianas","7":"desktop-align-center","8":"tablet-align-center","9":"mobile-align-center","11":"first","12":"instock","13":"shipping-taxable","14":"purchasable","15":"product-type-variable"},"yoast_head":"<!-- This site is optimized with the Yoast SEO plugin v25.0 - https:\/\/yoast.com\/wordpress\/plugins\/seo\/ -->\n<title>Textil Trenque Lauquen<\/title>\n<meta name=\"description\" content=\"Pampero Quimil\u00ed es una empresa comercial nacida en la ciudad de Quimil\u00ed, Pcia. de Santiago del Estero, Rep\u00fablica Argentina.Su fin principal es la venta al por mayor y menor de indumentaria, calzado y equipamiento de seguridad para la industria, el comercio y entidades en general, tanto publico como privados.\" \/>\n<meta name=\"robots\" content=\"index, follow, max-snippet:-1, max-image-preview:large, max-video-preview:-1\" \/>\n<link rel=\"canonical\" href=\"https:\/\/textiltrenquelauquen.com\/?product=matafuegos-acetato-de-potasio\" \/>\n<meta property=\"og:locale\" content=\"es_ES\" \/>\n<meta property=\"og:type\" content=\"article\" \/>\n<meta property=\"og:title\" content=\"Textil Trenque Lauquen\" \/>\n<meta property=\"og:description\" content=\"Pampero Quimil\u00ed es una empresa comercial nacida en la ciudad de Quimil\u00ed, Pcia. de Santiago del Estero, Rep\u00fablica Argentina.Su fin principal es la venta al por mayor y menor de indumentaria, calzado y equipamiento de seguridad para la industria, el comercio y entidades en general, tanto publico como privados.\" \/>\n<meta property=\"og:url\" content=\"https:\/\/textiltrenquelauquen.com\/?product=matafuegos-acetato-de-potasio\" \/>\n<meta property=\"og:site_name\" content=\"Textil Trenque Lauquen\" \/>\n<meta property=\"article:publisher\" content=\"https:\/\/www.facebook.com\/pampero.rufino\" \/>\n<meta property=\"article:modified_time\" content=\"2025-05-19T02:02:18+00:00\" \/>\n<meta property=\"og:image\" content=\"https:\/\/textiltrenquelauquen.com\/wp-content\/uploads\/2020\/05\/IMG-20250505-WA0011.jpg\" \/>\n\t<meta property=\"og:image:width\" content=\"1280\" \/>\n\t<meta property=\"og:image:height\" content=\"1280\" \/>\n\t<meta property=\"og:image:type\" content=\"image\/jpeg\" \/>\n<meta name=\"twitter:card\" content=\"summary_large_image\" \/>\n<meta name=\"twitter:label1\" content=\"Tiempo de lectura\" \/>\n\t<meta name=\"twitter:data1\" content=\"1 minuto\" \/>\n<script type=\"application\/ld+json\" class=\"yoast-schema-graph\">{\"@context\":\"https:\/\/schema.org\",\"@graph\":[{\"@type\":\"WebPage\",\"@id\":\"https:\/\/textiltrenquelauquen.com\/?product=matafuegos-acetato-de-potasio\",\"url\":\"https:\/\/textiltrenquelauquen.com\/?product=matafuegos-acetato-de-potasio\",\"name\":\"Textil Trenque Lauquen\",\"isPartOf\":{\"@id\":\"https:\/\/textiltrenquelauquen.com\/#website\"},\"primaryImageOfPage\":{\"@id\":\"https:\/\/textiltrenquelauquen.com\/?product=matafuegos-acetato-de-potasio#primaryimage\"},\"image\":{\"@id\":\"https:\/\/textiltrenquelauquen.com\/?product=matafuegos-acetato-de-potasio#primaryimage\"},\"thumbnailUrl\":\"https:\/\/textiltrenquelauquen.com\/wp-content\/uploads\/2020\/05\/IMG-20250505-WA0011.jpg\",\"datePublished\":\"2020-05-10T21:45:42+00:00\",\"dateModified\":\"2025-05-19T02:02:18+00:00\",\"description\":\"Pampero Quimil\u00ed es una empresa comercial nacida en la ciudad de Quimil\u00ed, Pcia. de Santiago del Estero, Rep\u00fablica Argentina.Su fin principal es la venta al por mayor y menor de indumentaria, calzado y equipamiento de seguridad para la industria, el comercio y entidades en general, tanto publico como privados.\",\"breadcrumb\":{\"@id\":\"https:\/\/textiltrenquelauquen.com\/?product=matafuegos-acetato-de-potasio#breadcrumb\"},\"inLanguage\":\"es-AR\",\"potentialAction\":[{\"@type\":\"ReadAction\",\"target\":[\"https:\/\/textiltrenquelauquen.com\/?product=matafuegos-acetato-de-potasio\"]}]},{\"@type\":\"ImageObject\",\"inLanguage\":\"es-AR\",\"@id\":\"https:\/\/textiltrenquelauquen.com\/?product=matafuegos-acetato-de-potasio#primaryimage\",\"url\":\"https:\/\/textiltrenquelauquen.com\/wp-content\/uploads\/2020\/05\/IMG-20250505-WA0011.jpg\",\"contentUrl\":\"https:\/\/textiltrenquelauquen.com\/wp-content\/uploads\/2020\/05\/IMG-20250505-WA0011.jpg\",\"width\":1280,\"height\":1280},{\"@type\":\"BreadcrumbList\",\"@id\":\"https:\/\/textiltrenquelauquen.com\/?product=matafuegos-acetato-de-potasio#breadcrumb\",\"itemListElement\":[{\"@type\":\"ListItem\",\"position\":1,\"name\":\"Inicio\",\"item\":\"https:\/\/textiltrenquelauquen.com\/\"},{\"@type\":\"ListItem\",\"position\":2,\"name\":\"Catalogo\",\"item\":\"https:\/\/textiltrenquelauquen.com\/?page_id=92\"},{\"@type\":\"ListItem\",\"position\":3,\"name\":\"Cinta de persiana TL reforzada (verde)\"}]},{\"@type\":\"WebSite\",\"@id\":\"https:\/\/textiltrenquelauquen.com\/#website\",\"url\":\"https:\/\/textiltrenquelauquen.com\/\",\"name\":\"Textil Trenque Lauquen\",\"description\":\"Textil Trenque Lauquen\",\"publisher\":{\"@id\":\"https:\/\/textiltrenquelauquen.com\/#organization\"},\"potentialAction\":[{\"@type\":\"SearchAction\",\"target\":{\"@type\":\"EntryPoint\",\"urlTemplate\":\"https:\/\/textiltrenquelauquen.com\/?s={search_term_string}\"},\"query-input\":{\"@type\":\"PropertyValueSpecification\",\"valueRequired\":true,\"valueName\":\"search_term_string\"}}],\"inLanguage\":\"es-AR\"},{\"@type\":\"Organization\",\"@id\":\"https:\/\/textiltrenquelauquen.com\/#organization\",\"name\":\"Pampero Quimil\u00ed\",\"url\":\"https:\/\/textiltrenquelauquen.com\/\",\"logo\":{\"@type\":\"ImageObject\",\"inLanguage\":\"es-AR\",\"@id\":\"https:\/\/textiltrenquelauquen.com\/#\/schema\/logo\/image\/\",\"url\":\"https:\/\/textiltrenquelauquen.com\/wp-content\/uploads\/2020\/04\/logomio-1.png\",\"contentUrl\":\"https:\/\/textiltrenquelauquen.com\/wp-content\/uploads\/2020\/04\/logomio-1.png\",\"width\":775,\"height\":250,\"caption\":\"Pampero Quimil\u00ed\"},\"image\":{\"@id\":\"https:\/\/textiltrenquelauquen.com\/#\/schema\/logo\/image\/\"},\"sameAs\":[\"https:\/\/www.facebook.com\/pampero.rufino\"]}]}<\/script>\n<!-- \/ Yoast SEO plugin. -->","yoast_head_json":{"title":"Textil Trenque Lauquen","description":"Pampero Quimil\u00ed es una empresa comercial nacida en la ciudad de Quimil\u00ed, Pcia. de Santiago del Estero, Rep\u00fablica Argentina.Su fin principal es la venta al por mayor y menor de indumentaria, calzado y equipamiento de seguridad para la industria, el comercio y entidades en general, tanto publico como privados.","robots":{"index":"index","follow":"follow","max-snippet":"max-snippet:-1","max-image-preview":"max-image-preview:large","max-video-preview":"max-video-preview:-1"},"canonical":"https:\/\/textiltrenquelauquen.com\/?product=matafuegos-acetato-de-potasio","og_locale":"es_ES","og_type":"article","og_title":"Textil Trenque Lauquen","og_description":"Pampero Quimil\u00ed es una empresa comercial nacida en la ciudad de Quimil\u00ed, Pcia. de Santiago del Estero, Rep\u00fablica Argentina.Su fin principal es la venta al por mayor y menor de indumentaria, calzado y equipamiento de seguridad para la industria, el comercio y entidades en general, tanto publico como privados.","og_url":"https:\/\/textiltrenquelauquen.com\/?product=matafuegos-acetato-de-potasio","og_site_name":"Textil Trenque Lauquen","article_publisher":"https:\/\/www.facebook.com\/pampero.rufino","article_modified_time":"2025-05-19T02:02:18+00:00","og_image":[{"width":1280,"height":1280,"url":"https:\/\/textiltrenquelauquen.com\/wp-content\/uploads\/2020\/05\/IMG-20250505-WA0011.jpg","type":"image\/jpeg"}],"twitter_card":"summary_large_image","twitter_misc":{"Tiempo de lectura":"1 minuto"},"schema":{"@context":"https:\/\/schema.org","@graph":[{"@type":"WebPage","@id":"https:\/\/textiltrenquelauquen.com\/?product=matafuegos-acetato-de-potasio","url":"https:\/\/textiltrenquelauquen.com\/?product=matafuegos-acetato-de-potasio","name":"Textil Trenque Lauquen","isPartOf":{"@id":"https:\/\/textiltrenquelauquen.com\/#website"},"primaryImageOfPage":{"@id":"https:\/\/textiltrenquelauquen.com\/?product=matafuegos-acetato-de-potasio#primaryimage"},"image":{"@id":"https:\/\/textiltrenquelauquen.com\/?product=matafuegos-acetato-de-potasio#primaryimage"},"thumbnailUrl":"https:\/\/textiltrenquelauquen.com\/wp-content\/uploads\/2020\/05\/IMG-20250505-WA0011.jpg","datePublished":"2020-05-10T21:45:42+00:00","dateModified":"2025-05-19T02:02:18+00:00","description":"Pampero Quimil\u00ed es una empresa comercial nacida en la ciudad de Quimil\u00ed, Pcia. de Santiago del Estero, Rep\u00fablica Argentina.Su fin principal es la venta al por mayor y menor de indumentaria, calzado y equipamiento de seguridad para la industria, el comercio y entidades en general, tanto publico como privados.","breadcrumb":{"@id":"https:\/\/textiltrenquelauquen.com\/?product=matafuegos-acetato-de-potasio#breadcrumb"},"inLanguage":"es-AR","potentialAction":[{"@type":"ReadAction","target":["https:\/\/textiltrenquelauquen.com\/?product=matafuegos-acetato-de-potasio"]}]},{"@type":"ImageObject","inLanguage":"es-AR","@id":"https:\/\/textiltrenquelauquen.com\/?product=matafuegos-acetato-de-potasio#primaryimage","url":"https:\/\/textiltrenquelauquen.com\/wp-content\/uploads\/2020\/05\/IMG-20250505-WA0011.jpg","contentUrl":"https:\/\/textiltrenquelauquen.com\/wp-content\/uploads\/2020\/05\/IMG-20250505-WA0011.jpg","width":1280,"height":1280},{"@type":"BreadcrumbList","@id":"https:\/\/textiltrenquelauquen.com\/?product=matafuegos-acetato-de-potasio#breadcrumb","itemListElement":[{"@type":"ListItem","position":1,"name":"Inicio","item":"https:\/\/textiltrenquelauquen.com\/"},{"@type":"ListItem","position":2,"name":"Catalogo","item":"https:\/\/textiltrenquelauquen.com\/?page_id=92"},{"@type":"ListItem","position":3,"name":"Cinta de persiana TL reforzada (verde)"}]},{"@type":"WebSite","@id":"https:\/\/textiltrenquelauquen.com\/#website","url":"https:\/\/textiltrenquelauquen.com\/","name":"Textil Trenque Lauquen","description":"Textil Trenque Lauquen","publisher":{"@id":"https:\/\/textiltrenquelauquen.com\/#organization"},"potentialAction":[{"@type":"SearchAction","target":{"@type":"EntryPoint","urlTemplate":"https:\/\/textiltrenquelauquen.com\/?s={search_term_string}"},"query-input":{"@type":"PropertyValueSpecification","valueRequired":true,"valueName":"search_term_string"}}],"inLanguage":"es-AR"},{"@type":"Organization","@id":"https:\/\/textiltrenquelauquen.com\/#organization","name":"Pampero Quimil\u00ed","url":"https:\/\/textiltrenquelauquen.com\/","logo":{"@type":"ImageObject","inLanguage":"es-AR","@id":"https:\/\/textiltrenquelauquen.com\/#\/schema\/logo\/image\/","url":"https:\/\/textiltrenquelauquen.com\/wp-content\/uploads\/2020\/04\/logomio-1.png","contentUrl":"https:\/\/textiltrenquelauquen.com\/wp-content\/uploads\/2020\/04\/logomio-1.png","width":775,"height":250,"caption":"Pampero Quimil\u00ed"},"image":{"@id":"https:\/\/textiltrenquelauquen.com\/#\/schema\/logo\/image\/"},"sameAs":["https:\/\/www.facebook.com\/pampero.rufino"]}]}},"_links":{"self":[{"href":"https:\/\/textiltrenquelauquen.com\/index.php?rest_route=\/wp\/v2\/product\/1566","targetHints":{"allow":["GET"]}}],"collection":[{"href":"https:\/\/textiltrenquelauquen.com\/index.php?rest_route=\/wp\/v2\/product"}],"about":[{"href":"https:\/\/textiltrenquelauquen.com\/index.php?rest_route=\/wp\/v2\/types\/product"}],"wp:featuredmedia":[{"embeddable":true,"href":"https:\/\/textiltrenquelauquen.com\/index.php?rest_route=\/wp\/v2\/media\/4263"}],"wp:attachment":[{"href":"https:\/\/textiltrenquelauquen.com\/index.php?rest_route=%2Fwp%2Fv2%2Fmedia&parent=1566"}],"wp:term":[{"taxonomy":"product_brand","embeddable":true,"href":"https:\/\/textiltrenquelauquen.com\/index.php?rest_route=%2Fwp%2Fv2%2Fproduct_brand&post=1566"},{"taxonomy":"product_cat","embeddable":true,"href":"https:\/\/textiltrenquelauquen.com\/index.php?rest_route=%2Fwp%2Fv2%2Fproduct_cat&post=1566"},{"taxonomy":"product_tag","embeddable":true,"href":"https:\/\/textiltrenquelauquen.com\/index.php?rest_route=%2Fwp%2Fv2%2Fproduct_tag&post=1566"}],"curies":[{"name":"wp","href":"https:\/\/api.w.org\/{rel}","templated":true}]}}